{"id":63538,"date":"2021-03-05T18:25:57","date_gmt":"2021-03-05T17:25:57","guid":{"rendered":"https:\/\/booking-gaysejour.com\/room\/studio-le-balcon-du-rouve\/"},"modified":"2025-03-18T16:39:06","modified_gmt":"2025-03-18T15:39:06","slug":"studio-le-balcon-du-rouve","status":"publish","type":"product","link":"https:\/\/booking-gaysejour.com\/gb\/guide\/studio-le-balcon-du-rouve\/","title":{"rendered":"Studio Le Balcon du Rouve @ Le Castel &#8211; Le Beausset"},"content":{"rendered":"<h3>Location de vacances &#8211; 2 personnes &#8211; lit 160&#215;200 &#8211; salle de bain priv\u00e9e &#8211; 2\u00a0nuits minimum<\/h3>\n<p>Grand studio de charme (25m2) avec cuisine (objets et meubles vintage) Lit 160, salle de bains avec douche, balcon, acc\u00e8s ind\u00e9pendant<\/p>\n<p>Dans grande propri\u00e9t\u00e9 en pleine nature, acc\u00e8s \u00e0 la grande piscine 12&#215;4 \u00e0 partager avec vos h\u00f4tes, belle salle \u00e0 manger d&#8217;\u00e9t\u00e9 avec barbecue, parking privatif<\/p>\n<p>Naturisme possible au bord de la piscine.<\/p>\n","protected":false},"excerpt":{"rendered":"<p>Location de vacances &#8211; 2 personnes &#8211; lit 160&#215;200 &#8211; salle de bain priv\u00e9e &#8211; 2\u00a0nuits minimum Grand studio de charme (25m2) avec cuisine (objets et meubles vintage) Lit 160, salle de bains avec douche, balcon, acc\u00e8s ind\u00e9pendant Dans grande propri\u00e9t\u00e9 en pleine nature, acc\u00e8s \u00e0 la grande piscine 12&#215;4 \u00e0 partager avec vos h\u00f4tes,<a class=\"more-link\" href=\"https:\/\/booking-gaysejour.com\/gb\/guide\/studio-le-balcon-du-rouve\/\">Read more  &#10230;<\/a><\/p>\n","protected":false},"featured_media":49735,"template":"","meta":[],"product_brand":[],"product_cat":[1928,834],"product_tag":[1610,1324,1306],"class_list":{"0":"post-63538","1":"product","2":"type-product","3":"status-publish","4":"has-post-thumbnail","6":"product_cat-hebergement-gb","7":"product_cat-provence-alpes-cote-dazur-gb","8":"product_tag-instant-booking","9":"product_tag-naturism","10":"product_tag-naturiste-gb","11":"pa_1-type-holiday-rental","12":"pa_2-chambre-et-salle-de-bain-linen","13":"pa_2-chambre-et-salle-de-bain-private-bathroom","14":"pa_2-chambre-et-salle-de-bain-tv-chambre-gb","15":"pa_2-chambre-et-salle-de-bain-terrasse-privative-gb","16":"pa_5-services-parking-on-premise","17":"pa_5-services-wifi-gratuit","18":"pa_6-installations-piscine-gb","19":"yith_shop_vendor-le-castel-lodge-var","21":"first","22":"instock","23":"virtual","24":"sold-individually","25":"purchasable","26":"product-type-booking"},"_links":{"self":[{"href":"https:\/\/booking-gaysejour.com\/gb\/wp-json\/wp\/v2\/product\/63538","targetHints":{"allow":["GET"]}}],"collection":[{"href":"https:\/\/booking-gaysejour.com\/gb\/wp-json\/wp\/v2\/product"}],"about":[{"href":"https:\/\/booking-gaysejour.com\/gb\/wp-json\/wp\/v2\/types\/product"}],"wp:featuredmedia":[{"embeddable":true,"href":"https:\/\/booking-gaysejour.com\/gb\/wp-json\/wp\/v2\/media\/49735"}],"wp:attachment":[{"href":"https:\/\/booking-gaysejour.com\/gb\/wp-json\/wp\/v2\/media?parent=63538"}],"wp:term":[{"taxonomy":"product_brand","embeddable":true,"href":"https:\/\/booking-gaysejour.com\/gb\/wp-json\/wp\/v2\/product_brand?post=63538"},{"taxonomy":"product_cat","embeddable":true,"href":"https:\/\/booking-gaysejour.com\/gb\/wp-json\/wp\/v2\/product_cat?post=63538"},{"taxonomy":"product_tag","embeddable":true,"href":"https:\/\/booking-gaysejour.com\/gb\/wp-json\/wp\/v2\/product_tag?post=63538"}],"curies":[{"name":"wp","href":"https:\/\/api.w.org\/{rel}","templated":true}]}}