{"id":63539,"date":"2021-03-07T09:00:15","date_gmt":"2021-03-07T08:00:15","guid":{"rendered":"https:\/\/booking-gaysejour.com\/room\/chambre-hotes-gay-naturiste-pezenas\/"},"modified":"2025-03-18T16:39:06","modified_gmt":"2025-03-18T15:39:06","slug":"chambre-hotes-gay-naturiste-pezenas","status":"publish","type":"product","link":"https:\/\/booking-gaysejour.com\/gb\/guide\/chambre-hotes-gay-naturiste-pezenas\/","title":{"rendered":"Chambre d&#8217;h\u00f4tes gay naturiste @ Roujan"},"content":{"rendered":"<h3>Chambre de 1 \u00e0 4 personnes &#8211; lit double et canap\u00e9 deux places &#8211; salle de bain priv\u00e9e<\/h3>\n<p>La chambre est dot\u00e9 d&#8217;un lit double et il y a une deuxi\u00e8me chambre d&#8217;appoint avec canap\u00e9 clic-clac pour \u00e9ventuellement la 3e\u00a0o\u00f9 4e personne.<\/p>\n<p>La chambre comprend une salle de bain privative et le petit d\u00e9jeuner fran\u00e7ais.<\/p>\n<p>Chez Patrick se situe dans le village de Roujan, \u00e0 11 km de Pezenas, 24 km de B\u00e9ziers, 37 km du Cap d&#8217;Agde. L\u2019a\u00e9roport le plus proche, celui de B\u00e9ziers-Cap d\u2019Agde, est situ\u00e9 \u00e0 33 km.<\/p>\n","protected":false},"excerpt":{"rendered":"<p>Chambre de 1 \u00e0 4 personnes &#8211; lit double et canap\u00e9 deux places &#8211; salle de bain priv\u00e9e La chambre est dot\u00e9 d&#8217;un lit double et il y a une deuxi\u00e8me chambre d&#8217;appoint avec canap\u00e9 clic-clac pour \u00e9ventuellement la 3e\u00a0o\u00f9 4e personne. La chambre comprend une salle de bain privative et le petit d\u00e9jeuner fran\u00e7ais.<a class=\"more-link\" href=\"https:\/\/booking-gaysejour.com\/gb\/guide\/chambre-hotes-gay-naturiste-pezenas\/\">Read more  &#10230;<\/a><\/p>\n","protected":false},"featured_media":49652,"template":"","meta":[],"product_brand":[],"product_cat":[1928,789],"product_tag":[1610,1223],"class_list":{"0":"post-63539","1":"product","2":"type-product","3":"status-publish","4":"has-post-thumbnail","6":"product_cat-hebergement-gb","7":"product_cat-occitania","8":"product_tag-instant-booking","9":"product_tag-piscine-gb","10":"pa_1-type-chambre-hotes-gb","11":"pa_2-chambre-et-salle-de-bain-bathroom-towel","12":"pa_2-chambre-et-salle-de-bain-linen","13":"pa_2-chambre-et-salle-de-bain-private-bathroom","14":"pa_5-services-parking-on-premise","15":"pa_5-services-wifi-gratuit","16":"pa_6-installations-piscine-gb","17":"pa_6-installations-tv-room","18":"yith_shop_vendor-chez-patrick-angel-a-roujan-herault","19":"yith_booking_service-petit-dejeuner-inclus-gb","21":"first","22":"instock","23":"virtual","24":"sold-individually","25":"purchasable","26":"product-type-booking"},"_links":{"self":[{"href":"https:\/\/booking-gaysejour.com\/gb\/wp-json\/wp\/v2\/product\/63539","targetHints":{"allow":["GET"]}}],"collection":[{"href":"https:\/\/booking-gaysejour.com\/gb\/wp-json\/wp\/v2\/product"}],"about":[{"href":"https:\/\/booking-gaysejour.com\/gb\/wp-json\/wp\/v2\/types\/product"}],"wp:featuredmedia":[{"embeddable":true,"href":"https:\/\/booking-gaysejour.com\/gb\/wp-json\/wp\/v2\/media\/49652"}],"wp:attachment":[{"href":"https:\/\/booking-gaysejour.com\/gb\/wp-json\/wp\/v2\/media?parent=63539"}],"wp:term":[{"taxonomy":"product_brand","embeddable":true,"href":"https:\/\/booking-gaysejour.com\/gb\/wp-json\/wp\/v2\/product_brand?post=63539"},{"taxonomy":"product_cat","embeddable":true,"href":"https:\/\/booking-gaysejour.com\/gb\/wp-json\/wp\/v2\/product_cat?post=63539"},{"taxonomy":"product_tag","embeddable":true,"href":"https:\/\/booking-gaysejour.com\/gb\/wp-json\/wp\/v2\/product_tag?post=63539"}],"curies":[{"name":"wp","href":"https:\/\/api.w.org\/{rel}","templated":true}]}}