{"id":63541,"date":"2021-03-03T16:54:39","date_gmt":"2021-03-03T15:54:39","guid":{"rendered":"https:\/\/booking-gaysejour.com\/room\/chambre-pablo\/"},"modified":"2025-03-18T16:39:06","modified_gmt":"2025-03-18T15:39:06","slug":"chambre-pablo","status":"publish","type":"product","link":"https:\/\/booking-gaysejour.com\/gb\/guide\/chambre-pablo\/","title":{"rendered":"Chambre Pablo @ La Galerie &#8211; Toulouse"},"content":{"rendered":"<h3>Chambre double &#8211; 2 personnes &#8211; lit 160&#215;200 &#8211; salle de bain priv\u00e9e<\/h3>\n<p>Cette chambre d\u2019h\u00f4te se situe \u00e0 l\u2019\u00e9tage de la maison, elle donne sur une grande\u00a0<strong>terrasse ensoleill\u00e9e<\/strong>.<\/p>\n<p>Pour votre confort, un petit <strong>espace\u00a0salon\u00a0<\/strong>est am\u00e9nag\u00e9\u00a0ainsi qu\u2019un <strong>coin bureau<\/strong>.<\/p>\n<p>Elle poss\u00e8de <strong>une salle d\u2019eau et toilettes privatives<\/strong>.<\/p>\n<p>Le petit plus de cette chambre : elle poss\u00e8de une grande penderie\u00a0pour faciliter le rangement de vos affaires de voyage.<\/p>\n<p>Vous pouvez profiter librement du <strong>salon commun<\/strong> au rez de chauss\u00e9 et\u00a0boire un th\u00e9 ou un caf\u00e9 (machine, bouilloire et frigo sont \u00e0 votre disposition). C\u2019est ici que le petit d\u00e9jeuner vous sera servi.<\/p>\n<p><strong>La piscine<\/strong> est \u00e0 disposition des h\u00f4tes ainsi que <strong>le jardin<\/strong>, n\u2019h\u00e9sitez pas \u00e0 aller y fl\u00e2ner et vous d\u00e9tendre.<\/p>\n","protected":false},"excerpt":{"rendered":"<p>Chambre double &#8211; 2 personnes &#8211; lit 160&#215;200 &#8211; salle de bain priv\u00e9e Cette chambre d\u2019h\u00f4te se situe \u00e0 l\u2019\u00e9tage de la maison, elle donne sur une grande\u00a0terrasse ensoleill\u00e9e. Pour votre confort, un petit espace\u00a0salon\u00a0est am\u00e9nag\u00e9\u00a0ainsi qu\u2019un coin bureau. Elle poss\u00e8de une salle d\u2019eau et toilettes privatives. Le petit plus de cette chambre : elle<a class=\"more-link\" href=\"https:\/\/booking-gaysejour.com\/gb\/guide\/chambre-pablo\/\">Read more  &#10230;<\/a><\/p>\n","protected":false},"featured_media":49643,"template":"","meta":[],"product_brand":[],"product_cat":[1928,741,789],"product_tag":[1063,1223],"class_list":{"0":"post-63541","1":"product","2":"type-product","3":"status-publish","4":"has-post-thumbnail","6":"product_cat-hebergement-gb","7":"product_cat-france-gb","8":"product_cat-occitania","9":"product_tag-campagne-gb","10":"product_tag-piscine-gb","11":"pa_1-type-chambre-hotes-gb","12":"pa_2-chambre-et-salle-de-bain-private-bathroom","13":"pa_2-chambre-et-salle-de-bain-tv-chambre-gb","14":"pa_2-chambre-et-salle-de-bain-terrasse-privative-gb","15":"pa_5-services-parking-on-premise","16":"pa_6-installations-piscine-gb","17":"pa_6-installations-tv-room-gb","18":"yith_shop_vendor-la-galerie-bnb-in-toulouse-haute-garonne","19":"yith_booking_service-petit-dejeuner-inclus-gb","21":"first","22":"instock","23":"virtual","24":"sold-individually","25":"purchasable","26":"product-type-booking"},"_links":{"self":[{"href":"https:\/\/booking-gaysejour.com\/gb\/wp-json\/wp\/v2\/product\/63541","targetHints":{"allow":["GET"]}}],"collection":[{"href":"https:\/\/booking-gaysejour.com\/gb\/wp-json\/wp\/v2\/product"}],"about":[{"href":"https:\/\/booking-gaysejour.com\/gb\/wp-json\/wp\/v2\/types\/product"}],"wp:featuredmedia":[{"embeddable":true,"href":"https:\/\/booking-gaysejour.com\/gb\/wp-json\/wp\/v2\/media\/49643"}],"wp:attachment":[{"href":"https:\/\/booking-gaysejour.com\/gb\/wp-json\/wp\/v2\/media?parent=63541"}],"wp:term":[{"taxonomy":"product_brand","embeddable":true,"href":"https:\/\/booking-gaysejour.com\/gb\/wp-json\/wp\/v2\/product_brand?post=63541"},{"taxonomy":"product_cat","embeddable":true,"href":"https:\/\/booking-gaysejour.com\/gb\/wp-json\/wp\/v2\/product_cat?post=63541"},{"taxonomy":"product_tag","embeddable":true,"href":"https:\/\/booking-gaysejour.com\/gb\/wp-json\/wp\/v2\/product_tag?post=63541"}],"curies":[{"name":"wp","href":"https:\/\/api.w.org\/{rel}","templated":true}]}}