{"id":63542,"date":"2021-03-03T16:49:23","date_gmt":"2021-03-03T15:49:23","guid":{"rendered":"https:\/\/booking-gaysejour.com\/room\/galerie-toulouse-chambre-joan\/"},"modified":"2025-03-18T16:39:07","modified_gmt":"2025-03-18T15:39:07","slug":"galerie-toulouse-chambre-joan","status":"publish","type":"product","link":"https:\/\/booking-gaysejour.com\/gb\/guide\/galerie-toulouse-chambre-joan\/","title":{"rendered":"Chambre Joan  @ La Galerie &#8211; Toulouse"},"content":{"rendered":"<h3>Chambre double &#8211; 2 personnes &#8211; lit 160&#215;200 &#8211; salle de bain priv\u00e9e<\/h3>\n<p>La chambre Joan est situ\u00e9e \u00e0 l\u2019\u00e9tage de la maison d\u2019h\u00f4tes, elle poss\u00e8de <strong>un grand balcon avec chiliennes<\/strong>.<\/p>\n<p>Spacieuse et d\u00e9cor\u00e9e avec soin, elle dispose d\u2019un <strong>coin salon<\/strong> et <strong>TV \u00e9cran plat<\/strong>. Elle poss\u00e8de sa salle d\u2019eau avec <strong>douche \u00e0 l\u2019italienne et toilettes<\/strong>.<\/p>\n<p>\u00ab\u00a0La Galerie\u00a0\u00bb offre des <strong>prestations de standing<\/strong> avec un acc\u00e8s au\u00a0jardin et \u00e0 la <strong>piscine<\/strong>, ainsi qu\u2019au grand salon\u00a0au rez de chauss\u00e9 \u00e9quip\u00e9 d\u2019un po\u00eale \u00e0 bois pour les journ\u00e9es\u00a0d\u2019hiver. A l\u2019\u00e9tage un <strong>espace sportif<\/strong> est \u00e0 votre disposition, avec \u00e9galement une biblioth\u00e8que et DVD.<\/p>\n<p>Th\u00e9, tisane, caf\u00e9, sont \u00e0 votre disposition toute la journ\u00e9e dans le salon.<\/p>\n","protected":false},"excerpt":{"rendered":"<p>Chambre double &#8211; 2 personnes &#8211; lit 160&#215;200 &#8211; salle de bain priv\u00e9e La chambre Joan est situ\u00e9e \u00e0 l\u2019\u00e9tage de la maison d\u2019h\u00f4tes, elle poss\u00e8de un grand balcon avec chiliennes. Spacieuse et d\u00e9cor\u00e9e avec soin, elle dispose d\u2019un coin salon et TV \u00e9cran plat. Elle poss\u00e8de sa salle d\u2019eau avec douche \u00e0 l\u2019italienne et<a class=\"more-link\" href=\"https:\/\/booking-gaysejour.com\/gb\/guide\/galerie-toulouse-chambre-joan\/\">Read more  &#10230;<\/a><\/p>\n","protected":false},"featured_media":49639,"template":"","meta":[],"product_brand":[],"product_cat":[1928,741,789],"product_tag":[1063,1223],"class_list":{"0":"post-63542","1":"product","2":"type-product","3":"status-publish","4":"has-post-thumbnail","6":"product_cat-hebergement-gb","7":"product_cat-france-gb","8":"product_cat-occitania","9":"product_tag-campagne-gb","10":"product_tag-piscine-gb","11":"pa_1-type-chambre-hotes-gb","12":"pa_2-chambre-et-salle-de-bain-private-bathroom","13":"pa_2-chambre-et-salle-de-bain-tv-chambre-gb","14":"pa_2-chambre-et-salle-de-bain-terrasse-privative-gb","15":"pa_5-services-parking-on-premise","16":"pa_6-installations-piscine-gb","17":"pa_6-installations-tv-room-gb","18":"yith_shop_vendor-la-galerie-bnb-in-toulouse-haute-garonne","19":"yith_booking_service-petit-dejeuner-inclus-gb","21":"first","22":"instock","23":"virtual","24":"sold-individually","25":"purchasable","26":"product-type-booking"},"_links":{"self":[{"href":"https:\/\/booking-gaysejour.com\/gb\/wp-json\/wp\/v2\/product\/63542","targetHints":{"allow":["GET"]}}],"collection":[{"href":"https:\/\/booking-gaysejour.com\/gb\/wp-json\/wp\/v2\/product"}],"about":[{"href":"https:\/\/booking-gaysejour.com\/gb\/wp-json\/wp\/v2\/types\/product"}],"wp:featuredmedia":[{"embeddable":true,"href":"https:\/\/booking-gaysejour.com\/gb\/wp-json\/wp\/v2\/media\/49639"}],"wp:attachment":[{"href":"https:\/\/booking-gaysejour.com\/gb\/wp-json\/wp\/v2\/media?parent=63542"}],"wp:term":[{"taxonomy":"product_brand","embeddable":true,"href":"https:\/\/booking-gaysejour.com\/gb\/wp-json\/wp\/v2\/product_brand?post=63542"},{"taxonomy":"product_cat","embeddable":true,"href":"https:\/\/booking-gaysejour.com\/gb\/wp-json\/wp\/v2\/product_cat?post=63542"},{"taxonomy":"product_tag","embeddable":true,"href":"https:\/\/booking-gaysejour.com\/gb\/wp-json\/wp\/v2\/product_tag?post=63542"}],"curies":[{"name":"wp","href":"https:\/\/api.w.org\/{rel}","templated":true}]}}