{"id":63543,"date":"2021-02-24T16:18:30","date_gmt":"2021-02-24T15:18:30","guid":{"rendered":"https:\/\/booking-gaysejour.com\/room\/villa-nui\/"},"modified":"2025-03-18T16:39:07","modified_gmt":"2025-03-18T15:39:07","slug":"villa-nui","status":"publish","type":"product","link":"https:\/\/booking-gaysejour.com\/gb\/guide\/villa-nui\/","title":{"rendered":"Villa Nui @ Cuers (Var)"},"content":{"rendered":"<h3>Location de vacances &#8211; 1 chambre &#8211; 4 personnes &#8211; \u00a01 lit double et 1 canap\u00e9 convertible<\/h3>\n<p>L&#8217;appartement est compos\u00e9 d&#8217;un s\u00e9jour \u00e9quip\u00e9 d&#8217;un lit, d&#8217;une penderie, d&#8217;un canap\u00e9 convertible, d&#8217;un coin bureau, d&#8217;une <strong>cuisine \u00e9quip\u00e9e<\/strong> d&#8217;une plaque de cuisson, d&#8217;un four, d&#8217;un lave vaisselle, d&#8217;une cafeti\u00e8re Senseo (doses fournies), d&#8217;un micro ondes, d&#8217;un r\u00e9frig\u00e9rateur\/cong\u00e9lateur, placard de rangement et d&#8217;une salle de bain avec douche, WC et machine \u00e0 laver.<\/p>\n<p><strong>L&#8217;appartement est \u00e0 la location \u00e0 \u00e0 la nuit\u00e9e toute l&#8217;ann\u00e9e.<\/strong><\/p>\n<p>Le linge est fourni. (Draps de lit, serviettes de toilette, serviettes de cuisine) Serviette de plage non fournies.<\/p>\n<p>L&#8217;ext\u00e9rieur est compos\u00e9 d&#8217;un espace<strong> terrasse d\u00e9tente<\/strong> avec une table de jardin, parasol, d&#8217;une plancha de deux bains de soleil.<\/p>\n<p>Un <strong>emplacement priv\u00e9<\/strong> pour votre v\u00e9hicule (capacit\u00e9 2 v\u00e9hicules) est mis gratuitement \u00e0 votre disposition.<\/p>\n<p>L&#8217;\u00e9t\u00e9 vous aurez le plaisir de vous relaxer au chant des cigales et du soleil.<\/p>\n<p>Un magasin alimentaire est \u00e0 proximit\u00e9 (1 min \u00e0 pied).<\/p>\n<p>&nbsp;<\/p>\n","protected":false},"excerpt":{"rendered":"<p>Location de vacances &#8211; 1 chambre &#8211; 4 personnes &#8211; \u00a01 lit double et 1 canap\u00e9 convertible L&#8217;appartement est compos\u00e9 d&#8217;un s\u00e9jour \u00e9quip\u00e9 d&#8217;un lit, d&#8217;une penderie, d&#8217;un canap\u00e9 convertible, d&#8217;un coin bureau, d&#8217;une cuisine \u00e9quip\u00e9e d&#8217;une plaque de cuisson, d&#8217;un four, d&#8217;un lave vaisselle, d&#8217;une cafeti\u00e8re Senseo (doses fournies), d&#8217;un micro ondes, d&#8217;un r\u00e9frig\u00e9rateur\/cong\u00e9lateur,<a class=\"more-link\" href=\"https:\/\/booking-gaysejour.com\/gb\/guide\/villa-nui\/\">Read more  &#10230;<\/a><\/p>\n","protected":false},"featured_media":49454,"template":"","meta":[],"product_brand":[],"product_cat":[1928,741,834,1059],"product_tag":[1610],"class_list":{"0":"post-63543","1":"product","2":"type-product","3":"status-publish","4":"has-post-thumbnail","6":"product_cat-hebergement-gb","7":"product_cat-france-gb","8":"product_cat-provence-alpes-cote-dazur-gb","9":"product_cat-vacation-rental","10":"product_tag-instant-booking","11":"pa_1-type-holiday-rental","12":"pa_2-chambre-et-salle-de-bain-bathroom-towel","13":"pa_2-chambre-et-salle-de-bain-linen","14":"pa_5-services-parking-on-premise","15":"pa_5-services-washer","16":"pa_5-services-wifi-gratuit","17":"pa_6-installations-tv-room","18":"yith_shop_vendor-villa-nui-var","20":"first","21":"instock","22":"virtual","23":"sold-individually","24":"purchasable","25":"product-type-booking"},"_links":{"self":[{"href":"https:\/\/booking-gaysejour.com\/gb\/wp-json\/wp\/v2\/product\/63543","targetHints":{"allow":["GET"]}}],"collection":[{"href":"https:\/\/booking-gaysejour.com\/gb\/wp-json\/wp\/v2\/product"}],"about":[{"href":"https:\/\/booking-gaysejour.com\/gb\/wp-json\/wp\/v2\/types\/product"}],"wp:featuredmedia":[{"embeddable":true,"href":"https:\/\/booking-gaysejour.com\/gb\/wp-json\/wp\/v2\/media\/49454"}],"wp:attachment":[{"href":"https:\/\/booking-gaysejour.com\/gb\/wp-json\/wp\/v2\/media?parent=63543"}],"wp:term":[{"taxonomy":"product_brand","embeddable":true,"href":"https:\/\/booking-gaysejour.com\/gb\/wp-json\/wp\/v2\/product_brand?post=63543"},{"taxonomy":"product_cat","embeddable":true,"href":"https:\/\/booking-gaysejour.com\/gb\/wp-json\/wp\/v2\/product_cat?post=63543"},{"taxonomy":"product_tag","embeddable":true,"href":"https:\/\/booking-gaysejour.com\/gb\/wp-json\/wp\/v2\/product_tag?post=63543"}],"curies":[{"name":"wp","href":"https:\/\/api.w.org\/{rel}","templated":true}]}}