{"id":63547,"date":"2021-02-24T19:56:34","date_gmt":"2021-02-24T18:56:34","guid":{"rendered":"https:\/\/booking-gaysejour.com\/room\/suite-castellet-le-castel-le-beausset\/"},"modified":"2025-03-18T16:39:07","modified_gmt":"2025-03-18T15:39:07","slug":"suite-castellet-le-castel-le-beausset","status":"publish","type":"product","link":"https:\/\/booking-gaysejour.com\/gb\/guide\/suite-castellet-le-castel-le-beausset\/","title":{"rendered":"Suite Castellet @ Le Castel &#8211; Le Beausset"},"content":{"rendered":"<h3>Chambre &#8211; 2 personnes &#8211; lit 160&#215;200 &#8211; salle de bain priv\u00e9e &#8211; 4 nuits minimum<\/h3>\n<p>Grande suite (20m2) avec d\u00e9coration de charme (objets et meubles vintage) douche travertin t\u00e9l\u00e9 machine \u00e0 caf\u00e9 lit 160 acc\u00e8s ind\u00e9pendant donnant sur les oliviers et les collines du Castellet (joli village m\u00e9di\u00e9val).<\/p>\n<p>Dans grande propri\u00e9t\u00e9 en pleine nature, acc\u00e8s \u00e0 la grande piscine 12&#215;4 \u00e0 partager avec vos HOTES, belle salle \u00e0 manger d&#8217;\u00e9t\u00e9 avec barbecue,\u00a0parking privatif<\/p>\n<p>Naturisme possible au bord de la piscine<\/p>\n","protected":false},"excerpt":{"rendered":"<p>Chambre &#8211; 2 personnes &#8211; lit 160&#215;200 &#8211; salle de bain priv\u00e9e &#8211; 4 nuits minimum Grande suite (20m2) avec d\u00e9coration de charme (objets et meubles vintage) douche travertin t\u00e9l\u00e9 machine \u00e0 caf\u00e9 lit 160 acc\u00e8s ind\u00e9pendant donnant sur les oliviers et les collines du Castellet (joli village m\u00e9di\u00e9val). Dans grande propri\u00e9t\u00e9 en pleine nature,<a class=\"more-link\" href=\"https:\/\/booking-gaysejour.com\/gb\/guide\/suite-castellet-le-castel-le-beausset\/\">Read more  &#10230;<\/a><\/p>\n","protected":false},"featured_media":49383,"template":"","meta":[],"product_brand":[],"product_cat":[1928,741,834],"product_tag":[1610,1324,1306],"class_list":{"0":"post-63547","1":"product","2":"type-product","3":"status-publish","4":"has-post-thumbnail","6":"product_cat-hebergement-gb","7":"product_cat-france-gb","8":"product_cat-provence-alpes-cote-dazur-gb","9":"product_tag-instant-booking","10":"product_tag-naturism","11":"product_tag-naturiste-gb","12":"pa_1-type-chambre-hotes-gb","13":"pa_2-chambre-et-salle-de-bain-linen","14":"pa_2-chambre-et-salle-de-bain-tv-chambre-gb","15":"pa_5-services-parking-on-premise","16":"pa_5-services-wifi-gratuit","17":"pa_6-installations-piscine-gb","18":"yith_shop_vendor-le-castel-lodge-var","20":"first","21":"instock","22":"virtual","23":"sold-individually","24":"purchasable","25":"product-type-booking"},"_links":{"self":[{"href":"https:\/\/booking-gaysejour.com\/gb\/wp-json\/wp\/v2\/product\/63547","targetHints":{"allow":["GET"]}}],"collection":[{"href":"https:\/\/booking-gaysejour.com\/gb\/wp-json\/wp\/v2\/product"}],"about":[{"href":"https:\/\/booking-gaysejour.com\/gb\/wp-json\/wp\/v2\/types\/product"}],"wp:featuredmedia":[{"embeddable":true,"href":"https:\/\/booking-gaysejour.com\/gb\/wp-json\/wp\/v2\/media\/49383"}],"wp:attachment":[{"href":"https:\/\/booking-gaysejour.com\/gb\/wp-json\/wp\/v2\/media?parent=63547"}],"wp:term":[{"taxonomy":"product_brand","embeddable":true,"href":"https:\/\/booking-gaysejour.com\/gb\/wp-json\/wp\/v2\/product_brand?post=63547"},{"taxonomy":"product_cat","embeddable":true,"href":"https:\/\/booking-gaysejour.com\/gb\/wp-json\/wp\/v2\/product_cat?post=63547"},{"taxonomy":"product_tag","embeddable":true,"href":"https:\/\/booking-gaysejour.com\/gb\/wp-json\/wp\/v2\/product_tag?post=63547"}],"curies":[{"name":"wp","href":"https:\/\/api.w.org\/{rel}","templated":true}]}}