{"id":63548,"date":"2021-02-22T15:56:30","date_gmt":"2021-02-22T14:56:30","guid":{"rendered":"https:\/\/booking-gaysejour.com\/room\/la-croix-rousienne-duplex-1-4-personnes\/"},"modified":"2025-03-18T16:39:08","modified_gmt":"2025-03-18T15:39:08","slug":"la-croix-rousienne-duplex-1-4-personnes","status":"publish","type":"product","link":"https:\/\/booking-gaysejour.com\/gb\/guide\/la-croix-rousienne-duplex-1-4-personnes\/","title":{"rendered":"Duplex La Croix Rousienne @  La Cerisaie &#8211; Francheleins"},"content":{"rendered":"<h3>Chambre Duplex &#8211; 4\/6 personnes &#8211; lit 140&#215;200, un canap\u00e9 lit, 2 lits simples Bultex 90&#215;200 &#8211; Salle de bain priv\u00e9e<\/h3>\n<p>D\u00e9coration cosy \u00e9pur\u00e9e sur deux \u00e9tages, ce duplex climatis\u00e9 de 47 m2 est id\u00e9al pour les familles (jusqu&#8217;\u00e0 4\/6 personnes).Le lit double 140&#215;200 et canap\u00e9-lit double d&#8217;appoint sont \u00e0 l&#8217;\u00e9tage, sous les toits et les\u00a02 lits simples Bultex 90&#215;200 sont en bas.<\/p>\n<p>la chambre est \u00e9quip\u00e9e d&#8217;une console, de chaises, d&#8217;une commode, d&#8217;une armoire et d&#8217;un fauteuil<\/p>\n<p>Les petits d\u00e9jeuners peuvent \u00eatre servis dehors en \u00e9t\u00e9, et ils privil\u00e9gient le fait-maison et les produits frais : pains, cakes et viennoiseries, yaourts et confitures sont &#8220;home made&#8221; !<\/p>\n<p>Nous offrons en acc\u00e8s libre \u00e0 la v\u00e9randa o\u00f9 il est possible de pr\u00e9parer et prendre des repas, gr\u00e2ce \u00e0 la kitchenette enti\u00e8rement \u00e9quip\u00e9e. Pratique en cas de couvre-feu \u00e0 18h ! A r\u00e9server 24h avant votre arriv\u00e9e en hiver, pour que nous la chauffions<\/p>\n<p>Une s\u00e9ance de massage dans votre chambre, r\u00e9alis\u00e9e par une personne certifi\u00e9e, est possible, sur r\u00e9servation au moins 24h avant votre arriv\u00e9e.<\/p>\n<p>&nbsp;<\/p>\n<p>&nbsp;<\/p>\n<p>&nbsp;<\/p>\n","protected":false},"excerpt":{"rendered":"<p>Chambre Duplex &#8211; 4\/6 personnes &#8211; lit 140&#215;200, un canap\u00e9 lit, 2 lits simples Bultex 90&#215;200 &#8211; Salle de bain priv\u00e9e D\u00e9coration cosy \u00e9pur\u00e9e sur deux \u00e9tages, ce duplex climatis\u00e9 de 47 m2 est id\u00e9al pour les familles (jusqu&#8217;\u00e0 4\/6 personnes).Le lit double 140&#215;200 et canap\u00e9-lit double d&#8217;appoint sont \u00e0 l&#8217;\u00e9tage, sous les toits et<a class=\"more-link\" href=\"https:\/\/booking-gaysejour.com\/gb\/guide\/la-croix-rousienne-duplex-1-4-personnes\/\">Read more  &#10230;<\/a><\/p>\n","protected":false},"featured_media":49331,"template":"","meta":[],"product_brand":[],"product_cat":[1928,805],"product_tag":[1063,1314],"class_list":{"0":"post-63548","1":"product","2":"type-product","3":"status-publish","4":"has-post-thumbnail","6":"product_cat-hebergement-gb","7":"product_cat-auvergne-rhone-alpes-gb","8":"product_tag-campagne-gb","9":"product_tag-pets-welcome","10":"pa_1-type-chambre-hotes-gb","11":"pa_2-chambre-et-salle-de-bain-hair-dryer","12":"pa_2-chambre-et-salle-de-bain-linen","13":"pa_2-chambre-et-salle-de-bain-private-bathroom","14":"pa_2-chambre-et-salle-de-bain-tv-chambre-gb","15":"pa_5-services-bikes-on-premise","16":"pa_5-services-parking-on-premise","17":"pa_5-services-table-dhotes-gb-2","18":"yith_shop_vendor-la-cerisaie-ain","19":"yith_booking_service-petit-dejeuner-inclus-gb","21":"first","22":"instock","23":"virtual","24":"sold-individually","25":"purchasable","26":"product-type-booking"},"_links":{"self":[{"href":"https:\/\/booking-gaysejour.com\/gb\/wp-json\/wp\/v2\/product\/63548","targetHints":{"allow":["GET"]}}],"collection":[{"href":"https:\/\/booking-gaysejour.com\/gb\/wp-json\/wp\/v2\/product"}],"about":[{"href":"https:\/\/booking-gaysejour.com\/gb\/wp-json\/wp\/v2\/types\/product"}],"wp:featuredmedia":[{"embeddable":true,"href":"https:\/\/booking-gaysejour.com\/gb\/wp-json\/wp\/v2\/media\/49331"}],"wp:attachment":[{"href":"https:\/\/booking-gaysejour.com\/gb\/wp-json\/wp\/v2\/media?parent=63548"}],"wp:term":[{"taxonomy":"product_brand","embeddable":true,"href":"https:\/\/booking-gaysejour.com\/gb\/wp-json\/wp\/v2\/product_brand?post=63548"},{"taxonomy":"product_cat","embeddable":true,"href":"https:\/\/booking-gaysejour.com\/gb\/wp-json\/wp\/v2\/product_cat?post=63548"},{"taxonomy":"product_tag","embeddable":true,"href":"https:\/\/booking-gaysejour.com\/gb\/wp-json\/wp\/v2\/product_tag?post=63548"}],"curies":[{"name":"wp","href":"https:\/\/api.w.org\/{rel}","templated":true}]}}