{"id":63549,"date":"2021-02-18T12:52:48","date_gmt":"2021-02-18T11:52:48","guid":{"rendered":"https:\/\/booking-gaysejour.com\/room\/chambre-hazelverre\/"},"modified":"2025-03-18T16:39:08","modified_gmt":"2025-03-18T15:39:08","slug":"chambre-hazelverre","status":"publish","type":"product","link":"https:\/\/booking-gaysejour.com\/gb\/guide\/chambre-hazelverre\/","title":{"rendered":"Chambre Hazelverre @ Le Chevalier Noir &#8211; Cordes"},"content":{"rendered":"<h3>Chambre double &#8211;\u00a0 lit King size \u00a0&#8211; 2 personnes &#8211; salle de bains priv\u00e9e &#8211; 2 nuits minimum<\/h3>\n<p>Cette chambre comprend un lit King Size. Elle est situ\u00e9 en haut de la maison donc profite d&#8217;une vue magique sur la vall\u00e9e de Cerou et des collines aux alentours. Elle dispose d&#8217;une salle de bain priv\u00e9e.<\/p>\n<p>&nbsp;<\/p>\n","protected":false},"excerpt":{"rendered":"<p>Chambre double &#8211;\u00a0 lit King size \u00a0&#8211; 2 personnes &#8211; salle de bains priv\u00e9e &#8211; 2 nuits minimum Cette chambre comprend un lit King Size. Elle est situ\u00e9 en haut de la maison donc profite d&#8217;une vue magique sur la vall\u00e9e de Cerou et des collines aux alentours. Elle dispose d&#8217;une salle de bain priv\u00e9e.<a class=\"more-link\" href=\"https:\/\/booking-gaysejour.com\/gb\/guide\/chambre-hazelverre\/\">Read more  &#10230;<\/a><\/p>\n","protected":false},"featured_media":49087,"template":"","meta":[],"product_brand":[],"product_cat":[741,1038,789],"product_tag":[1063,1223],"class_list":{"0":"post-63549","1":"product","2":"type-product","3":"status-publish","4":"has-post-thumbnail","6":"product_cat-france-gb","7":"product_cat-guesthouse-bnb","8":"product_cat-occitania","9":"product_tag-campagne-gb","10":"product_tag-piscine-gb","11":"pa_1-type-chambre-hotes-gb","12":"pa_2-chambre-et-salle-de-bain-private-bathroom","13":"pa_5-services-parking-on-premise","14":"pa_6-installations-piscine-gb","15":"pa_6-installations-tv-room","16":"yith_shop_vendor-le-chevalier-noir-cordes-tarn","17":"yith_booking_service-petit-dejeuner-inclus-gb","19":"first","20":"instock","21":"virtual","22":"sold-individually","23":"purchasable","24":"product-type-booking"},"_links":{"self":[{"href":"https:\/\/booking-gaysejour.com\/gb\/wp-json\/wp\/v2\/product\/63549","targetHints":{"allow":["GET"]}}],"collection":[{"href":"https:\/\/booking-gaysejour.com\/gb\/wp-json\/wp\/v2\/product"}],"about":[{"href":"https:\/\/booking-gaysejour.com\/gb\/wp-json\/wp\/v2\/types\/product"}],"wp:featuredmedia":[{"embeddable":true,"href":"https:\/\/booking-gaysejour.com\/gb\/wp-json\/wp\/v2\/media\/49087"}],"wp:attachment":[{"href":"https:\/\/booking-gaysejour.com\/gb\/wp-json\/wp\/v2\/media?parent=63549"}],"wp:term":[{"taxonomy":"product_brand","embeddable":true,"href":"https:\/\/booking-gaysejour.com\/gb\/wp-json\/wp\/v2\/product_brand?post=63549"},{"taxonomy":"product_cat","embeddable":true,"href":"https:\/\/booking-gaysejour.com\/gb\/wp-json\/wp\/v2\/product_cat?post=63549"},{"taxonomy":"product_tag","embeddable":true,"href":"https:\/\/booking-gaysejour.com\/gb\/wp-json\/wp\/v2\/product_tag?post=63549"}],"curies":[{"name":"wp","href":"https:\/\/api.w.org\/{rel}","templated":true}]}}