{"id":63550,"date":"2021-02-22T17:46:33","date_gmt":"2021-02-22T16:46:33","guid":{"rendered":"https:\/\/booking-gaysejour.com\/room\/la-terre-ain-dienne-chambre-double\/"},"modified":"2025-03-18T16:39:07","modified_gmt":"2025-03-18T15:39:07","slug":"la-terre-ain-dienne-chambre-double","status":"publish","type":"product","link":"https:\/\/booking-gaysejour.com\/gb\/guide\/la-terre-ain-dienne-chambre-double\/","title":{"rendered":"Chambre Terre Ain-Dienne @ La Cerisaie \u2013 Francheleins"},"content":{"rendered":"<h3>Chambre double &#8211; 2 personnes &#8211; lit 140&#215;200 &#8211; Salle de bain priv\u00e9e<\/h3>\n<p>Couleurs chaudes, d\u00e9coration soign\u00e9e et au calme, cette chambre de 20 m2 ravira les couples ou les personnes seules, en vacances ou en d\u00e9placement professionnel.<\/p>\n<p>Bureau, chaises et commode compl\u00e8tent l&#8217;\u00e9quipement de la chambre<\/p>\n<p>Les petits d\u00e9jeuners peuvent \u00eatre servis dehors en \u00e9t\u00e9, et ils privil\u00e9gient le fait-maison et les produits frais : pains, cakes et viennoiseries, yaourts et confitures sont &#8220;home made&#8221; !<\/p>\n<p>Nous offrons en acc\u00e8s libre \u00e0 la v\u00e9randa o\u00f9 il est possible de pr\u00e9parer et prendre des repas, gr\u00e2ce \u00e0 la kitchenette enti\u00e8rement \u00e9quip\u00e9e. Pratique en cas de couvre-feu \u00e0 18h ! A r\u00e9server 24h avant votre arriv\u00e9e en hiver, pour que nous la chauffions<\/p>\n<p>Une s\u00e9ance de massage dans votre chambre, r\u00e9alis\u00e9e par une personne certifi\u00e9e, est possible, sur r\u00e9servation au moins 24h avant votre arriv\u00e9e.<\/p>\n<p>&nbsp;<\/p>\n","protected":false},"excerpt":{"rendered":"<p>Chambre double &#8211; 2 personnes &#8211; lit 140&#215;200 &#8211; Salle de bain priv\u00e9e Couleurs chaudes, d\u00e9coration soign\u00e9e et au calme, cette chambre de 20 m2 ravira les couples ou les personnes seules, en vacances ou en d\u00e9placement professionnel. Bureau, chaises et commode compl\u00e8tent l&#8217;\u00e9quipement de la chambre Les petits d\u00e9jeuners peuvent \u00eatre servis dehors en<a class=\"more-link\" href=\"https:\/\/booking-gaysejour.com\/gb\/guide\/la-terre-ain-dienne-chambre-double\/\">Read more  &#10230;<\/a><\/p>\n","protected":false},"featured_media":49321,"template":"","meta":[],"product_brand":[],"product_cat":[1928,805,1038],"product_tag":[1063,1314],"class_list":{"0":"post-63550","1":"product","2":"type-product","3":"status-publish","4":"has-post-thumbnail","6":"product_cat-hebergement-gb","7":"product_cat-auvergne-rhone-alpes-gb","8":"product_cat-guesthouse-bnb","9":"product_tag-campagne-gb","10":"product_tag-pets-welcome","11":"pa_1-type-chambre-hotes-gb","12":"pa_2-chambre-et-salle-de-bain-hair-dryer","13":"pa_2-chambre-et-salle-de-bain-linen","14":"pa_2-chambre-et-salle-de-bain-private-bathroom","15":"pa_2-chambre-et-salle-de-bain-tv-chambre-gb","16":"pa_5-services-bikes-on-premise","17":"pa_5-services-parking-on-premise","18":"pa_5-services-table-dhotes-gb-2","19":"yith_shop_vendor-la-cerisaie-ain","20":"yith_booking_service-petit-dejeuner-inclus-gb","22":"first","23":"instock","24":"virtual","25":"sold-individually","26":"purchasable","27":"product-type-booking"},"_links":{"self":[{"href":"https:\/\/booking-gaysejour.com\/gb\/wp-json\/wp\/v2\/product\/63550","targetHints":{"allow":["GET"]}}],"collection":[{"href":"https:\/\/booking-gaysejour.com\/gb\/wp-json\/wp\/v2\/product"}],"about":[{"href":"https:\/\/booking-gaysejour.com\/gb\/wp-json\/wp\/v2\/types\/product"}],"wp:featuredmedia":[{"embeddable":true,"href":"https:\/\/booking-gaysejour.com\/gb\/wp-json\/wp\/v2\/media\/49321"}],"wp:attachment":[{"href":"https:\/\/booking-gaysejour.com\/gb\/wp-json\/wp\/v2\/media?parent=63550"}],"wp:term":[{"taxonomy":"product_brand","embeddable":true,"href":"https:\/\/booking-gaysejour.com\/gb\/wp-json\/wp\/v2\/product_brand?post=63550"},{"taxonomy":"product_cat","embeddable":true,"href":"https:\/\/booking-gaysejour.com\/gb\/wp-json\/wp\/v2\/product_cat?post=63550"},{"taxonomy":"product_tag","embeddable":true,"href":"https:\/\/booking-gaysejour.com\/gb\/wp-json\/wp\/v2\/product_tag?post=63550"}],"curies":[{"name":"wp","href":"https:\/\/api.w.org\/{rel}","templated":true}]}}