{"id":63551,"date":"2021-02-18T13:06:45","date_gmt":"2021-02-18T12:06:45","guid":{"rendered":"https:\/\/booking-gaysejour.com\/room\/suite-perrings-cordes\/"},"modified":"2025-03-18T16:39:08","modified_gmt":"2025-03-18T15:39:08","slug":"suite-perrings-cordes","status":"publish","type":"product","link":"https:\/\/booking-gaysejour.com\/gb\/guide\/suite-perrings-cordes\/","title":{"rendered":"Suite Perrings @ Le Chevalier Noir &#8211; Cordes"},"content":{"rendered":"<h3>Chambre de 46 m2 &#8211;\u00a0 lit super-king size \u00a0&#8211; 2 personnes &#8211; salle de bain priv\u00e9e &#8211; 2 nuits minimum<\/h3>\n<p>Cette suite est compos\u00e9e d&#8217;une chambre avec un lit super king size et d&#8217;une salle de bain avec une douche et une baignoire, totalement r\u00e9nov\u00e9e. La chambre offre une vue sur la vall\u00e9e de Cerou et des collines aux alentours.<\/p>\n","protected":false},"excerpt":{"rendered":"<p>Chambre de 46 m2 &#8211;\u00a0 lit super-king size \u00a0&#8211; 2 personnes &#8211; salle de bain priv\u00e9e &#8211; 2 nuits minimum Cette suite est compos\u00e9e d&#8217;une chambre avec un lit super king size et d&#8217;une salle de bain avec une douche et une baignoire, totalement r\u00e9nov\u00e9e. La chambre offre une vue sur la vall\u00e9e de Cerou<a class=\"more-link\" href=\"https:\/\/booking-gaysejour.com\/gb\/guide\/suite-perrings-cordes\/\">Read more  &#10230;<\/a><\/p>\n","protected":false},"featured_media":49101,"template":"","meta":[],"product_brand":[],"product_cat":[741,789],"product_tag":[1063,1223],"class_list":{"0":"post-63551","1":"product","2":"type-product","3":"status-publish","4":"has-post-thumbnail","6":"product_cat-france-gb","7":"product_cat-occitania","8":"product_tag-campagne-gb","9":"product_tag-piscine-gb","10":"pa_1-type-chambre-hotes-gb","11":"pa_2-chambre-et-salle-de-bain-bathroom-towel","12":"pa_2-chambre-et-salle-de-bain-private-bathroom","13":"pa_5-services-parking-on-premise","14":"pa_6-installations-piscine-gb","15":"pa_6-installations-tv-room","16":"yith_shop_vendor-le-chevalier-noir-cordes-tarn","17":"yith_booking_service-petit-dejeuner-inclus-gb","19":"first","20":"outofstock","21":"virtual","22":"sold-individually","23":"purchasable","24":"product-type-booking"},"_links":{"self":[{"href":"https:\/\/booking-gaysejour.com\/gb\/wp-json\/wp\/v2\/product\/63551","targetHints":{"allow":["GET"]}}],"collection":[{"href":"https:\/\/booking-gaysejour.com\/gb\/wp-json\/wp\/v2\/product"}],"about":[{"href":"https:\/\/booking-gaysejour.com\/gb\/wp-json\/wp\/v2\/types\/product"}],"wp:featuredmedia":[{"embeddable":true,"href":"https:\/\/booking-gaysejour.com\/gb\/wp-json\/wp\/v2\/media\/49101"}],"wp:attachment":[{"href":"https:\/\/booking-gaysejour.com\/gb\/wp-json\/wp\/v2\/media?parent=63551"}],"wp:term":[{"taxonomy":"product_brand","embeddable":true,"href":"https:\/\/booking-gaysejour.com\/gb\/wp-json\/wp\/v2\/product_brand?post=63551"},{"taxonomy":"product_cat","embeddable":true,"href":"https:\/\/booking-gaysejour.com\/gb\/wp-json\/wp\/v2\/product_cat?post=63551"},{"taxonomy":"product_tag","embeddable":true,"href":"https:\/\/booking-gaysejour.com\/gb\/wp-json\/wp\/v2\/product_tag?post=63551"}],"curies":[{"name":"wp","href":"https:\/\/api.w.org\/{rel}","templated":true}]}}