{"id":63552,"date":"2021-02-22T10:59:11","date_gmt":"2021-02-22T09:59:11","guid":{"rendered":"https:\/\/booking-gaysejour.com\/room\/chalet-lecureuil-la-batie-neuve\/"},"modified":"2025-03-18T16:39:08","modified_gmt":"2025-03-18T15:39:08","slug":"chalet-lecureuil-la-batie-neuve","status":"publish","type":"product","link":"https:\/\/booking-gaysejour.com\/gb\/guide\/chalet-lecureuil-la-batie-neuve\/","title":{"rendered":"Chalet l&#8217;Ecureuil @ La B\u00e2tie-Neuve"},"content":{"rendered":"<h3>Location de vacances \u00a0de 26 m\u00b2 id\u00e9alement situ\u00e9 entre Gap et le Lac de Serre-Pon\u00e7on avec belle vue sur la vall\u00e9e. Location 7 nuits minimum pendant les vacances scolaires.<\/h3>\n<div><\/div>\n<div>C&#8217;est au c\u0153ur des Hautes-Alpes et \u00e0 deux pas du Parc National des \u00c9crins que J\u00e9r\u00f4me et Nicolas mettent \u00e0 votre disposition, en rez-de-chauss\u00e9e de leur chalet, un appartement pour 2\/4 personnes.<\/div>\n<div>La location se fait \u00e0 la semaine pendant les vacances scolaires ou \u00e0 partir de 2 nuits hors vacances scolaires.<\/div>\n<p><strong>Appartement confortable de 26 m\u00b2<\/strong>, situ\u00e9 en rez-de-chauss\u00e9e du chalet occup\u00e9 \u00e0 l\u2019\u00e9tage par les propri\u00e9taires, <strong>exposition plein sud <\/strong>avec tr\u00e8s belle vue sur la vall\u00e9e, compos\u00e9 d\u2019une salle de bains avec WC, d\u2019une chambre avec <strong>grand lit (160&#215;200)<\/strong> et grand placard, d\u2019un s\u00e9jour avec canap\u00e9 convertible 2 places (160&#215;200), TV (cha\u00eenes TNT),\u00a0 acc\u00e8s Internet gratuit (WIFI ou c\u00e2bl\u00e9), coin cuisine enti\u00e8rement \u00e9quip\u00e9e (lave vaisselle, four), draps et linge de toilette fournis, accueil personnalis\u00e9, terrasse, barbecue&#8230;<\/p>\n<p>J\u00e9r\u00f4me (praticien certifi\u00e9) vous propose dans son espace\u00a0d\u00e9tente \u00e0\u00a0deux pas du chalet, un moment inoubliable de massage bien-\u00eatre.<\/p>\n","protected":false},"excerpt":{"rendered":"<p>Location de vacances \u00a0de 26 m\u00b2 id\u00e9alement situ\u00e9 entre Gap et le Lac de Serre-Pon\u00e7on avec belle vue sur la vall\u00e9e. Location 7 nuits minimum pendant les vacances scolaires. C&#8217;est au c\u0153ur des Hautes-Alpes et \u00e0 deux pas du Parc National des \u00c9crins que J\u00e9r\u00f4me et Nicolas mettent \u00e0 votre disposition, en rez-de-chauss\u00e9e de leur<a class=\"more-link\" href=\"https:\/\/booking-gaysejour.com\/gb\/guide\/chalet-lecureuil-la-batie-neuve\/\">Read more  &#10230;<\/a><\/p>\n","protected":false},"featured_media":49104,"template":"","meta":[],"product_brand":[],"product_cat":[1928,741,834],"product_tag":[1063,1064,1318],"class_list":{"0":"post-63552","1":"product","2":"type-product","3":"status-publish","4":"has-post-thumbnail","6":"product_cat-hebergement-gb","7":"product_cat-france-gb","8":"product_cat-provence-alpes-cote-dazur-gb","9":"product_tag-campagne-gb","10":"product_tag-gay-only-gb","11":"product_tag-hiking","12":"pa_1-type-holiday-rental","13":"pa_2-chambre-et-salle-de-bain-bathroom-towel","14":"pa_2-chambre-et-salle-de-bain-linen","15":"pa_2-chambre-et-salle-de-bain-placard-penderie-gb","16":"pa_5-services-parking-on-premise","17":"pa_5-services-wifi-gratuit","18":"pa_6-installations-massage-gb","19":"pa_6-installations-tv-room","20":"yith_shop_vendor-chalet-lecureuil-the-alps","22":"first","23":"instock","24":"virtual","25":"sold-individually","26":"purchasable","27":"product-type-booking"},"_links":{"self":[{"href":"https:\/\/booking-gaysejour.com\/gb\/wp-json\/wp\/v2\/product\/63552","targetHints":{"allow":["GET"]}}],"collection":[{"href":"https:\/\/booking-gaysejour.com\/gb\/wp-json\/wp\/v2\/product"}],"about":[{"href":"https:\/\/booking-gaysejour.com\/gb\/wp-json\/wp\/v2\/types\/product"}],"wp:featuredmedia":[{"embeddable":true,"href":"https:\/\/booking-gaysejour.com\/gb\/wp-json\/wp\/v2\/media\/49104"}],"wp:attachment":[{"href":"https:\/\/booking-gaysejour.com\/gb\/wp-json\/wp\/v2\/media?parent=63552"}],"wp:term":[{"taxonomy":"product_brand","embeddable":true,"href":"https:\/\/booking-gaysejour.com\/gb\/wp-json\/wp\/v2\/product_brand?post=63552"},{"taxonomy":"product_cat","embeddable":true,"href":"https:\/\/booking-gaysejour.com\/gb\/wp-json\/wp\/v2\/product_cat?post=63552"},{"taxonomy":"product_tag","embeddable":true,"href":"https:\/\/booking-gaysejour.com\/gb\/wp-json\/wp\/v2\/product_tag?post=63552"}],"curies":[{"name":"wp","href":"https:\/\/api.w.org\/{rel}","templated":true}]}}