{"id":63553,"date":"2021-02-22T22:38:33","date_gmt":"2021-02-22T21:38:33","guid":{"rendered":"https:\/\/booking-gaysejour.com\/room\/suite-saunderson-le-chevalier-noir-cordes\/"},"modified":"2025-03-18T16:39:07","modified_gmt":"2025-03-18T15:39:07","slug":"suite-saunderson-le-chevalier-noir-cordes","status":"publish","type":"product","link":"https:\/\/booking-gaysejour.com\/gb\/guide\/suite-saunderson-le-chevalier-noir-cordes\/","title":{"rendered":"Suite Saunderson @ Le Chevalier Noir &#8211; Cordes"},"content":{"rendered":"<p>Cette suite familiale est compos\u00e9e de deux chambres. La principale est compos\u00e9 d&#8217;un lit super king size. Et la deuxi\u00e8me comprend un lit superpos\u00e9. Les deux chambres de la suite partage une salle de bain moderne avec une douche.<\/p>\n<p>&nbsp;<\/p>\n","protected":false},"excerpt":{"rendered":"<p>Cette suite familiale est compos\u00e9e de deux chambres. La principale est compos\u00e9 d&#8217;un lit super king size. Et la deuxi\u00e8me comprend un lit superpos\u00e9. Les deux chambres de la suite partage une salle de bain moderne avec une douche. &nbsp;<\/p>\n","protected":false},"featured_media":49080,"template":"","meta":[],"product_brand":[],"product_cat":[1928,741,789],"product_tag":[1063,1223],"class_list":{"0":"post-63553","1":"product","2":"type-product","3":"status-publish","4":"has-post-thumbnail","6":"product_cat-hebergement-gb","7":"product_cat-france-gb","8":"product_cat-occitania","9":"product_tag-campagne-gb","10":"product_tag-piscine-gb","11":"pa_1-type-chambre-hotes-gb","12":"pa_2-chambre-et-salle-de-bain-bathroom-towel","13":"pa_2-chambre-et-salle-de-bain-private-bathroom","14":"pa_5-services-parking-on-premise","15":"pa_6-installations-piscine-gb","16":"pa_6-installations-tv-room","17":"yith_shop_vendor-le-chevalier-noir-cordes-tarn","18":"yith_booking_service-petit-dejeuner-inclus-gb","20":"first","21":"instock","22":"virtual","23":"sold-individually","24":"purchasable","25":"product-type-booking"},"_links":{"self":[{"href":"https:\/\/booking-gaysejour.com\/gb\/wp-json\/wp\/v2\/product\/63553","targetHints":{"allow":["GET"]}}],"collection":[{"href":"https:\/\/booking-gaysejour.com\/gb\/wp-json\/wp\/v2\/product"}],"about":[{"href":"https:\/\/booking-gaysejour.com\/gb\/wp-json\/wp\/v2\/types\/product"}],"wp:featuredmedia":[{"embeddable":true,"href":"https:\/\/booking-gaysejour.com\/gb\/wp-json\/wp\/v2\/media\/49080"}],"wp:attachment":[{"href":"https:\/\/booking-gaysejour.com\/gb\/wp-json\/wp\/v2\/media?parent=63553"}],"wp:term":[{"taxonomy":"product_brand","embeddable":true,"href":"https:\/\/booking-gaysejour.com\/gb\/wp-json\/wp\/v2\/product_brand?post=63553"},{"taxonomy":"product_cat","embeddable":true,"href":"https:\/\/booking-gaysejour.com\/gb\/wp-json\/wp\/v2\/product_cat?post=63553"},{"taxonomy":"product_tag","embeddable":true,"href":"https:\/\/booking-gaysejour.com\/gb\/wp-json\/wp\/v2\/product_tag?post=63553"}],"curies":[{"name":"wp","href":"https:\/\/api.w.org\/{rel}","templated":true}]}}