{"id":63554,"date":"2021-02-18T12:59:46","date_gmt":"2021-02-18T11:59:46","guid":{"rendered":"https:\/\/booking-gaysejour.com\/room\/chambre-hadden\/"},"modified":"2025-03-18T16:39:08","modified_gmt":"2025-03-18T15:39:08","slug":"chambre-hadden","status":"publish","type":"product","link":"https:\/\/booking-gaysejour.com\/gb\/guide\/chambre-hadden\/","title":{"rendered":"Chambre Hadden @ Le Chevalier Noir &#8211; Cordes"},"content":{"rendered":"<h3>Chambre double de luxe 24 m2 &#8211;\u00a0 lit King size &#8211; 2 personnes &#8211; salle de bain priv\u00e9e &#8211; 2 nuits minimum<\/h3>\n<p>Cette chambre double offre une vue sur la vall\u00e9e de Cerou et les collines environnantes. Elle est compos\u00e9 d&#8217;une chambre et d&#8217;une salle de bain moderne avec une douche et une baignoire.<\/p>\n<p>&nbsp;<\/p>\n","protected":false},"excerpt":{"rendered":"<p>Chambre double de luxe 24 m2 &#8211;\u00a0 lit King size &#8211; 2 personnes &#8211; salle de bain priv\u00e9e &#8211; 2 nuits minimum Cette chambre double offre une vue sur la vall\u00e9e de Cerou et les collines environnantes. Elle est compos\u00e9 d&#8217;une chambre et d&#8217;une salle de bain moderne avec une douche et une baignoire. &nbsp;<\/p>\n","protected":false},"featured_media":49090,"template":"","meta":[],"product_brand":[],"product_cat":[741,789],"product_tag":[1063,1223],"class_list":{"0":"post-63554","1":"product","2":"type-product","3":"status-publish","4":"has-post-thumbnail","6":"product_cat-france-gb","7":"product_cat-occitania","8":"product_tag-campagne-gb","9":"product_tag-piscine-gb","10":"pa_1-type-chambre-hotes-gb","11":"pa_2-chambre-et-salle-de-bain-bathroom-towel","12":"pa_2-chambre-et-salle-de-bain-private-bathroom","13":"pa_5-services-parking-on-premise","14":"pa_6-installations-piscine-gb","15":"pa_6-installations-tv-room","16":"yith_shop_vendor-le-chevalier-noir-cordes-tarn","17":"yith_booking_service-petit-dejeuner-inclus-gb","19":"first","20":"instock","21":"virtual","22":"sold-individually","23":"purchasable","24":"product-type-booking"},"_links":{"self":[{"href":"https:\/\/booking-gaysejour.com\/gb\/wp-json\/wp\/v2\/product\/63554","targetHints":{"allow":["GET"]}}],"collection":[{"href":"https:\/\/booking-gaysejour.com\/gb\/wp-json\/wp\/v2\/product"}],"about":[{"href":"https:\/\/booking-gaysejour.com\/gb\/wp-json\/wp\/v2\/types\/product"}],"wp:featuredmedia":[{"embeddable":true,"href":"https:\/\/booking-gaysejour.com\/gb\/wp-json\/wp\/v2\/media\/49090"}],"wp:attachment":[{"href":"https:\/\/booking-gaysejour.com\/gb\/wp-json\/wp\/v2\/media?parent=63554"}],"wp:term":[{"taxonomy":"product_brand","embeddable":true,"href":"https:\/\/booking-gaysejour.com\/gb\/wp-json\/wp\/v2\/product_brand?post=63554"},{"taxonomy":"product_cat","embeddable":true,"href":"https:\/\/booking-gaysejour.com\/gb\/wp-json\/wp\/v2\/product_cat?post=63554"},{"taxonomy":"product_tag","embeddable":true,"href":"https:\/\/booking-gaysejour.com\/gb\/wp-json\/wp\/v2\/product_tag?post=63554"}],"curies":[{"name":"wp","href":"https:\/\/api.w.org\/{rel}","templated":true}]}}