{"id":63555,"date":"2021-02-09T09:10:52","date_gmt":"2021-02-09T08:10:52","guid":{"rendered":"https:\/\/booking-gaysejour.com\/room\/arc-en-ciel-studio\/"},"modified":"2025-03-18T16:39:09","modified_gmt":"2025-03-18T15:39:09","slug":"arc-en-ciel-studio","status":"publish","type":"product","link":"https:\/\/booking-gaysejour.com\/gb\/guide\/arc-en-ciel-studio\/","title":{"rendered":"Studio Arc en ciel @ Faug\u00e8res (H\u00e9rault)"},"content":{"rendered":"<h3>Location de vacances &#8211; Appartement 20<strong>m \u00b2<\/strong> &#8211; 2 personnes &#8211; 1 chambre &#8211; lit 150cm<\/h3>\n<div>Le studio est un grand 28m\u00b2 avec:<\/div>\n<ul>\n<li>un coin cuisine<\/li>\n<li>une piscine \u00e0 d\u00e9bordement de 8&#215;4.5m<\/li>\n<li>plein sud avec vue panoramique sur la M\u00e9diterran\u00e9e<\/li>\n<li>un\u00a0 lit de 150cm Sleigh avec une mousse \u00e0 m\u00e9moire matelas Dunlopillo<\/li>\n<li>une UK TV Satellite et un lecteur CD \/ DVD.<\/li>\n<li>une \u00a0<strong>cuisine<\/strong> est enti\u00e8rement \u00e9quip\u00e9e avec un r\u00e9frig\u00e9rateur compartiment cong\u00e9lateur, un four combi micro-ondes et une cuisini\u00e8re \u00e0 gaz \u00e0 deux anneaux . .<\/li>\n<li>une<strong> salle de bain <\/strong>qui dispose d&#8217;une grande douche et d&#8217;un WC suspendu et nous fournissons les serviettes , d\u00e9barbouillettes et un s\u00e8che-cheveux.<\/li>\n<li>une terrasse s<strong>o<\/strong>laire \u00a0avec\u00a0chaises\u00a0du soleil\u00a0, table \u00e0 manger avec chaises et parasol et un jardin.<\/li>\n<li><strong>Naturiste possible<\/strong> autour de la<strong> piscine<\/strong> pendant la journ\u00e9e.<\/li>\n<li>L&#8217;atelier est un espace non-fumeur et nous regrettons que les animaux domestiques ne sont pas accept\u00e9s<\/li>\n<li>la piscine est chauff\u00e9e mi Mai d\u00e9pendant de les temps a mi Septembre<\/li>\n<li>Le parking prive est a cote de l&#8217;appartement.<\/li>\n<\/ul>\n<p>&nbsp;<\/p>\n<p>Nous sommes situ\u00e9s \u00e0 25 minutes au nord de B\u00e9ziers et 40 minutes des plages de sable m\u00e9diterran\u00e9ennes qui r\u00e9pondent \u00e0 tous les go\u00fbts de la famille orient\u00e9s vers naturiste et gay au Cap d&#8217;Agde. La ville de Marseillan offre des restaurants et\u00a0 des bars.<\/p>\n<p>&nbsp;<\/p>\n","protected":false},"excerpt":{"rendered":"<p>Location de vacances &#8211; Appartement 20m \u00b2 &#8211; 2 personnes &#8211; 1 chambre &#8211; lit 150cm Le studio est un grand 28m\u00b2 avec: un coin cuisine une piscine \u00e0 d\u00e9bordement de 8&#215;4.5m plein sud avec vue panoramique sur la M\u00e9diterran\u00e9e un\u00a0 lit de 150cm Sleigh avec une mousse \u00e0 m\u00e9moire matelas Dunlopillo une UK TV<a class=\"more-link\" href=\"https:\/\/booking-gaysejour.com\/gb\/guide\/arc-en-ciel-studio\/\">Read more  &#10230;<\/a><\/p>\n","protected":false},"featured_media":48523,"template":"","meta":[],"product_brand":[],"product_cat":[1928,741,789,1059],"product_tag":[1064,1320,1324,1306,1223],"class_list":{"0":"post-63555","1":"product","2":"type-product","3":"status-publish","4":"has-post-thumbnail","6":"product_cat-hebergement-gb","7":"product_cat-france-gb","8":"product_cat-occitania","9":"product_cat-vacation-rental","10":"product_tag-gay-only-gb","11":"product_tag-heated-pool","12":"product_tag-naturism","13":"product_tag-naturiste-gb","14":"product_tag-piscine-gb","15":"pa_1-type-holiday-rental","16":"pa_2-chambre-et-salle-de-bain-bathroom-towel","17":"pa_2-chambre-et-salle-de-bain-beach-towel","18":"pa_2-chambre-et-salle-de-bain-hair-dryer","19":"pa_2-chambre-et-salle-de-bain-linen","20":"pa_2-chambre-et-salle-de-bain-private-bathroom","21":"pa_2-chambre-et-salle-de-bain-placard-penderie-gb","22":"pa_5-services-parking-on-premise","23":"pa_5-services-wifi-gratuit","24":"pa_6-installations-heaten-pool","25":"pa_6-installations-piscine-gb","26":"pa_6-installations-tv-room","27":"yith_shop_vendor-arc-en-ciel-studio-herault","29":"first","30":"instock","31":"virtual","32":"sold-individually","33":"purchasable","34":"product-type-booking"},"_links":{"self":[{"href":"https:\/\/booking-gaysejour.com\/gb\/wp-json\/wp\/v2\/product\/63555","targetHints":{"allow":["GET"]}}],"collection":[{"href":"https:\/\/booking-gaysejour.com\/gb\/wp-json\/wp\/v2\/product"}],"about":[{"href":"https:\/\/booking-gaysejour.com\/gb\/wp-json\/wp\/v2\/types\/product"}],"wp:featuredmedia":[{"embeddable":true,"href":"https:\/\/booking-gaysejour.com\/gb\/wp-json\/wp\/v2\/media\/48523"}],"wp:attachment":[{"href":"https:\/\/booking-gaysejour.com\/gb\/wp-json\/wp\/v2\/media?parent=63555"}],"wp:term":[{"taxonomy":"product_brand","embeddable":true,"href":"https:\/\/booking-gaysejour.com\/gb\/wp-json\/wp\/v2\/product_brand?post=63555"},{"taxonomy":"product_cat","embeddable":true,"href":"https:\/\/booking-gaysejour.com\/gb\/wp-json\/wp\/v2\/product_cat?post=63555"},{"taxonomy":"product_tag","embeddable":true,"href":"https:\/\/booking-gaysejour.com\/gb\/wp-json\/wp\/v2\/product_tag?post=63555"}],"curies":[{"name":"wp","href":"https:\/\/api.w.org\/{rel}","templated":true}]}}