{"id":63556,"date":"2021-02-22T22:21:08","date_gmt":"2021-02-22T21:21:08","guid":{"rendered":"https:\/\/booking-gaysejour.com\/room\/double-guestroom-la-bergerie-euzet\/"},"modified":"2025-03-18T16:39:07","modified_gmt":"2025-03-18T15:39:07","slug":"double-guestroom-la-bergerie-euzet","status":"publish","type":"product","link":"https:\/\/booking-gaysejour.com\/gb\/guide\/double-guestroom-la-bergerie-euzet\/","title":{"rendered":"Double guestroom @ La Bergerie &#8211; Euzet"},"content":{"rendered":"<p>Eric vous accueillent dans sa maison d&#8217;h\u00f4tes gay et naturiste. la maison se compose de 3 chambres avec des lits 180&#215;200 et une chambre avec deux lits 90&#215;200<\/p>\n<p>Bien \u00e0 l&#8217;abri du mistral, sa maison est install\u00e9e sur deux hectares de terrain bois\u00e9.<\/p>\n<p>Tous les soirs, Eric, dipl\u00f4m\u00e9 d&#8217;une grande \u00e9cole d&#8217;h\u00f4tellerie de Belgique et ancien professeur de cuisine, vous propose sa table d&#8217;h\u00f4tes.<\/p>\n<p>Un parking priv\u00e9 est \u00e0 votre disposition.<\/p>\n<p>&nbsp;<\/p>\n","protected":false},"excerpt":{"rendered":"<p>Eric vous accueillent dans sa maison d&#8217;h\u00f4tes gay et naturiste. la maison se compose de 3 chambres avec des lits 180&#215;200 et une chambre avec deux lits 90&#215;200 Bien \u00e0 l&#8217;abri du mistral, sa maison est install\u00e9e sur deux hectares de terrain bois\u00e9. Tous les soirs, Eric, dipl\u00f4m\u00e9 d&#8217;une grande \u00e9cole d&#8217;h\u00f4tellerie de Belgique et<a class=\"more-link\" href=\"https:\/\/booking-gaysejour.com\/gb\/guide\/double-guestroom-la-bergerie-euzet\/\">Read more  &#10230;<\/a><\/p>\n","protected":false},"featured_media":49029,"template":"","meta":[],"product_brand":[],"product_cat":[1928,789],"product_tag":[1323,1324,1223],"class_list":{"0":"post-63556","1":"product","2":"type-product","3":"status-publish","4":"has-post-thumbnail","6":"product_cat-hebergement-gb","7":"product_cat-occitania","8":"product_tag-meal-service","9":"product_tag-naturism","10":"product_tag-piscine-gb","11":"pa_1-type-chambre-hotes-gb","12":"pa_2-chambre-et-salle-de-bain-private-bathroom","13":"pa_5-services-parking-on-premise","14":"pa_5-services-table-dhotes-gb-2","15":"pa_5-services-wifi-gratuit","16":"pa_6-installations-piscine-gb","17":"pa_6-installations-tv-room","18":"yith_shop_vendor-gay-bnb-bergerie-euzet-gard","19":"yith_booking_service-petit-dejeuner-inclus-gb","21":"first","22":"instock","23":"virtual","24":"sold-individually","25":"purchasable","26":"product-type-booking"},"_links":{"self":[{"href":"https:\/\/booking-gaysejour.com\/gb\/wp-json\/wp\/v2\/product\/63556","targetHints":{"allow":["GET"]}}],"collection":[{"href":"https:\/\/booking-gaysejour.com\/gb\/wp-json\/wp\/v2\/product"}],"about":[{"href":"https:\/\/booking-gaysejour.com\/gb\/wp-json\/wp\/v2\/types\/product"}],"wp:featuredmedia":[{"embeddable":true,"href":"https:\/\/booking-gaysejour.com\/gb\/wp-json\/wp\/v2\/media\/49029"}],"wp:attachment":[{"href":"https:\/\/booking-gaysejour.com\/gb\/wp-json\/wp\/v2\/media?parent=63556"}],"wp:term":[{"taxonomy":"product_brand","embeddable":true,"href":"https:\/\/booking-gaysejour.com\/gb\/wp-json\/wp\/v2\/product_brand?post=63556"},{"taxonomy":"product_cat","embeddable":true,"href":"https:\/\/booking-gaysejour.com\/gb\/wp-json\/wp\/v2\/product_cat?post=63556"},{"taxonomy":"product_tag","embeddable":true,"href":"https:\/\/booking-gaysejour.com\/gb\/wp-json\/wp\/v2\/product_tag?post=63556"}],"curies":[{"name":"wp","href":"https:\/\/api.w.org\/{rel}","templated":true}]}}