{"id":63559,"date":"2021-01-28T14:14:32","date_gmt":"2021-01-28T13:14:32","guid":{"rendered":"https:\/\/booking-gaysejour.com\/room\/chambre-bleu-anduze\/"},"modified":"2025-03-18T16:39:09","modified_gmt":"2025-03-18T15:39:09","slug":"chambre-bleu-anduze","status":"publish","type":"product","link":"https:\/\/booking-gaysejour.com\/gb\/guide\/chambre-bleu-anduze\/","title":{"rendered":"Chambre Bleu @ La Vieille Maison &#8211; Anduze"},"content":{"rendered":"<h3>Chambre d&#8217;h\u00f4tes &#8211; 2 personnes &#8211; Lit 200 x 180 cm\u00a0 &#8211; salle de bain priv\u00e9e<\/h3>\n<p>La Vieille Maison est situ\u00e9e \u00e0 l&#8217;\u00e9cart, dans un petit vallon au calme absolue en plein nature.<\/p>\n<p>Sa terrasse sur le toit s&#8217;offre une vue imprenable sur <strong>les C\u00e9vennes<\/strong>. L&#8217;entr\u00e9e de la maison nous m\u00e8nent \u00e0 travers une longue vo\u00fbte jusqu&#8217;\u00e0 une court couverte, o\u00f9 se tient des diner aux chandelles de la halte gourmande en \u00e9t\u00e9.<\/p>\n<div class=\"\">La chambre bleu dispose d&#8217;un lit de 200 x 180 cm\u00a0 et d&#8217;un acc\u00e8s direct \u00e0 sa salle de bain priv\u00e9e.<\/div>\n<p>Nous mettons \u00e0 votre disposition une\u00a0<strong>salle de s\u00e9jours avec une ancienne chemin\u00e9e ouverte.<\/strong><\/p>\n<p>&nbsp;<\/p>\n","protected":false},"excerpt":{"rendered":"<p>Chambre d&#8217;h\u00f4tes &#8211; 2 personnes &#8211; Lit 200 x 180 cm\u00a0 &#8211; salle de bain priv\u00e9e La Vieille Maison est situ\u00e9e \u00e0 l&#8217;\u00e9cart, dans un petit vallon au calme absolue en plein nature. Sa terrasse sur le toit s&#8217;offre une vue imprenable sur les C\u00e9vennes. L&#8217;entr\u00e9e de la maison nous m\u00e8nent \u00e0 travers une longue<a class=\"more-link\" href=\"https:\/\/booking-gaysejour.com\/gb\/guide\/chambre-bleu-anduze\/\">Read more  &#10230;<\/a><\/p>\n","protected":false},"featured_media":0,"template":"","meta":[],"product_brand":[],"product_cat":[1928,741,1038,789],"product_tag":[1063,1318,1065,1323],"class_list":{"0":"post-63559","1":"product","2":"type-product","3":"status-publish","5":"product_cat-hebergement-gb","6":"product_cat-france-gb","7":"product_cat-guesthouse-bnb","8":"product_cat-occitania","9":"product_tag-campagne-gb","10":"product_tag-hiking","11":"product_tag-massage-gb","12":"product_tag-meal-service","13":"pa_1-type-chambre-hotes-gb","14":"pa_2-chambre-et-salle-de-bain-bathroom-towel","15":"pa_2-chambre-et-salle-de-bain-linen","16":"pa_2-chambre-et-salle-de-bain-private-bathroom","17":"pa_5-services-parking-on-premise","18":"pa_5-services-table-dhotes-gb-2","19":"pa_5-services-wifi-gratuit","20":"pa_6-installations-tv-room","21":"yith_shop_vendor-la-vieille-maison-anduze-gard","23":"first","24":"instock","25":"virtual","26":"sold-individually","27":"purchasable","28":"product-type-booking"},"_links":{"self":[{"href":"https:\/\/booking-gaysejour.com\/gb\/wp-json\/wp\/v2\/product\/63559","targetHints":{"allow":["GET"]}}],"collection":[{"href":"https:\/\/booking-gaysejour.com\/gb\/wp-json\/wp\/v2\/product"}],"about":[{"href":"https:\/\/booking-gaysejour.com\/gb\/wp-json\/wp\/v2\/types\/product"}],"wp:attachment":[{"href":"https:\/\/booking-gaysejour.com\/gb\/wp-json\/wp\/v2\/media?parent=63559"}],"wp:term":[{"taxonomy":"product_brand","embeddable":true,"href":"https:\/\/booking-gaysejour.com\/gb\/wp-json\/wp\/v2\/product_brand?post=63559"},{"taxonomy":"product_cat","embeddable":true,"href":"https:\/\/booking-gaysejour.com\/gb\/wp-json\/wp\/v2\/product_cat?post=63559"},{"taxonomy":"product_tag","embeddable":true,"href":"https:\/\/booking-gaysejour.com\/gb\/wp-json\/wp\/v2\/product_tag?post=63559"}],"curies":[{"name":"wp","href":"https:\/\/api.w.org\/{rel}","templated":true}]}}