{"id":63604,"date":"2020-12-10T18:47:38","date_gmt":"2020-12-10T17:47:38","guid":{"rendered":"https:\/\/booking-gaysejour.com\/guide\/guestroom-beziers\/"},"modified":"2020-12-10T18:47:38","modified_gmt":"2020-12-10T17:47:38","slug":"guestroom-beziers","status":"publish","type":"product","link":"https:\/\/booking-gaysejour.com\/gb\/guide\/guestroom-beziers\/","title":{"rendered":"Guestroom @ B\u00e9ziers"},"content":{"rendered":"<h3>Chambre lit double 160&#215;200 &#8211; 2 personnes max &#8211; salle de bain partag\u00e9e<\/h3>\n<p>Chambre d&#8217;h\u00f4tes situ\u00e9e \u00e0 3 km de l&#8217;hypercentre de B\u00e9ziers. Appartement avec terrasse au calme.<\/p>\n<p>Richard se fera un plaisir de vous communiquer toutes les adresses\u00a0 ( plages, sauna, bars, restaurants&#8230;)<\/p>\n<p>L&#8217;appartement est climatis\u00e9. La chambre dispose d&#8217;un lit double en 160 cm, salle de bain partag\u00e9e avec le propri\u00e9taire.<\/p>\n<p>Stationnement gratuit au pied de la r\u00e9sidence.<\/p>\n<p>Dans le cadre des nouvelle mesures sanitaires du gel hydro-alcoolique est \u00e0 votre disposition et une d\u00e9sinfection compl\u00e8te sera effectu\u00e9e entre chaque r\u00e9servation.<\/p>\n","protected":false},"excerpt":{"rendered":"<p>Chambre lit double 160&#215;200 &#8211; 2 personnes max &#8211; salle de bain partag\u00e9e Chambre d&#8217;h\u00f4tes situ\u00e9e \u00e0 3 km de l&#8217;hypercentre de B\u00e9ziers. Appartement avec terrasse au calme. Richard se fera un plaisir de vous communiquer toutes les adresses\u00a0 ( plages, sauna, bars, restaurants&#8230;) L&#8217;appartement est climatis\u00e9. La chambre dispose d&#8217;un lit double en 160<a class=\"more-link\" href=\"https:\/\/booking-gaysejour.com\/gb\/guide\/guestroom-beziers\/\">Read more  &#10230;<\/a><\/p>\n","protected":false},"featured_media":45483,"template":"","meta":[],"product_brand":[],"product_cat":[741,1038,789],"product_tag":[],"class_list":{"0":"post-63604","1":"product","2":"type-product","3":"status-publish","4":"has-post-thumbnail","6":"product_cat-france-gb","7":"product_cat-guesthouse-bnb","8":"product_cat-occitania","9":"pa_1-type-gay-men-only","10":"pa_1-type-chambre-hotes-gb","11":"pa_2-chambre-et-salle-de-bain-air-conditioning","12":"pa_2-chambre-et-salle-de-bain-shared-bathroom","13":"pa_2-chambre-et-salle-de-bain-tv-chambre-gb","14":"pa_5-services-parking-on-premise","15":"yith_shop_vendor-gay-guesthouse-herault","16":"yith_booking_service-petit-dejeuner-inclus-gb","18":"first","19":"instock","20":"virtual","21":"sold-individually","22":"purchasable","23":"product-type-booking"},"_links":{"self":[{"href":"https:\/\/booking-gaysejour.com\/gb\/wp-json\/wp\/v2\/product\/63604","targetHints":{"allow":["GET"]}}],"collection":[{"href":"https:\/\/booking-gaysejour.com\/gb\/wp-json\/wp\/v2\/product"}],"about":[{"href":"https:\/\/booking-gaysejour.com\/gb\/wp-json\/wp\/v2\/types\/product"}],"wp:featuredmedia":[{"embeddable":true,"href":"https:\/\/booking-gaysejour.com\/gb\/wp-json\/wp\/v2\/media\/45483"}],"wp:attachment":[{"href":"https:\/\/booking-gaysejour.com\/gb\/wp-json\/wp\/v2\/media?parent=63604"}],"wp:term":[{"taxonomy":"product_brand","embeddable":true,"href":"https:\/\/booking-gaysejour.com\/gb\/wp-json\/wp\/v2\/product_brand?post=63604"},{"taxonomy":"product_cat","embeddable":true,"href":"https:\/\/booking-gaysejour.com\/gb\/wp-json\/wp\/v2\/product_cat?post=63604"},{"taxonomy":"product_tag","embeddable":true,"href":"https:\/\/booking-gaysejour.com\/gb\/wp-json\/wp\/v2\/product_tag?post=63604"}],"curies":[{"name":"wp","href":"https:\/\/api.w.org\/{rel}","templated":true}]}}