{"id":63676,"date":"2022-12-07T19:45:05","date_gmt":"2022-12-07T18:45:05","guid":{"rendered":"https:\/\/booking-gaysejour.com\/guide\/appartement-la-galipette-perpignan\/"},"modified":"2024-05-15T15:23:34","modified_gmt":"2024-05-15T13:23:34","slug":"appartement-la-galipette-perpignan","status":"publish","type":"product","link":"https:\/\/booking-gaysejour.com\/gb\/guide\/appartement-la-galipette-perpignan\/","title":{"rendered":"Appartement La Galipette @ Perpignan"},"content":{"rendered":"<h3>Apartement 1 or 2 people &#8211; 1 bedroom<\/h3>\n<p>Appartement clair et confortable situ\u00e9 au centre ville, tout proche du c\u0153ur historique.<\/p>\n<p>Tr\u00e8s bien \u00e9quip\u00e9 pour votre confort, l&#8217;appartement se compose d&#8217;un salon avec canap\u00e9 et t\u00e9l\u00e9vision, d&#8217;une cuisine avec frigo, micro-ondes, cafeti\u00e8re et tout le n\u00e9cessaire pour cuisiner, d&#8217;une salle de douche avec s\u00e8che-cheveux, et d&#8217;une chambre avec un lit double. Id\u00e9al pour 2 personnes.<\/p>\n<p>Wifi tr\u00e8s performant (fibre.)<\/p>\n<p>Au d\u00e9part du Castillet, embl\u00e8me de Perpignan, vous pourrez visiter (\u00e0 pied ou en train touristique) les 26 sites remarquables de la ville.<\/p>\n<p>Vous serez \u00e0 200 m de l&#8217;avenue du Gal Leclerc, lieu tr\u00e8s appr\u00e9ci\u00e9 des nuits perpignanaises pour son th\u00e9\u00e2tre, ses restaurants, ses bars branch\u00e9s&#8230;<\/p>\n<p>Amoureux de la gastronomie, le restaurant \u00e9toil\u00e9 LA GALINETTE \u00a0(1* au guide MICHELIN) vous attend au rez-de-chauss\u00e9e de l&#8217;immeuble.<\/p>\n<p>En \u00e9t\u00e9, les Jeudis de Perpignan sont des soir\u00e9es gratuites qui\u00a0 enflamment le c\u0153ur de la ville, tel un v\u00e9ritable festival de rue o\u00f9 se m\u00e9langent sc\u00e8nes musicales, th\u00e9\u00e2tre sur le pav\u00e9, arts du cirque, parades et autres fanfares\u2026 Une occasion unique de d\u00e9couvrir la beaut\u00e9 de Perpignan la nuit!<\/p>\n<p>En Septembre, le Festival international de photojournalisme VISA pour l&#8217;Image se d\u00e9roule en divers lieux du centre historique\u00a0 (expositions en journ\u00e9e, et projections en soir\u00e9e.)<\/p>\n<p>Vous avez juste en bas de l&#8217;immeuble un parking gratuit la nuit et le week-end (sauf samedi matin), et payant en journ\u00e9e (zone verte, du lundi au vendredi (9h-12h; 14h-18h30).<\/p>\n<p>Sur l&#8217;autre rive de la T\u00eat, \u00e0 5 minutes \u00e0 pied par le pont Joffre, vous trouverez des places gratuites en journ\u00e9e, dans les rues proches.<\/p>\n<p>Pour aller fl\u00e2ner sur les belles plages de Canet en Roussillon, vous pourrez\u00a0 prendre le bus 3 au niveau du cin\u00e9ma le Castillet, \u00e0 200 m\u00e8tres de l\u2019appartement.<\/p>\n","protected":false},"excerpt":{"rendered":"<p>Apartement 1 or 2 people &#8211; 1 bedroom Appartement clair et confortable situ\u00e9 au centre ville, tout proche du c\u0153ur historique. Tr\u00e8s bien \u00e9quip\u00e9 pour votre confort, l&#8217;appartement se compose d&#8217;un salon avec canap\u00e9 et t\u00e9l\u00e9vision, d&#8217;une cuisine avec frigo, micro-ondes, cafeti\u00e8re et tout le n\u00e9cessaire pour cuisiner, d&#8217;une salle de douche avec s\u00e8che-cheveux, et<a class=\"more-link\" href=\"https:\/\/booking-gaysejour.com\/gb\/guide\/appartement-la-galipette-perpignan\/\">Read more  &#10230;<\/a><\/p>\n","protected":false},"featured_media":62014,"template":"","meta":[],"product_brand":[],"product_cat":[1928,741,789,1059],"product_tag":[],"class_list":{"0":"post-63676","1":"product","2":"type-product","3":"status-publish","4":"has-post-thumbnail","6":"product_cat-hebergement-gb","7":"product_cat-france-gb","8":"product_cat-occitania","9":"product_cat-vacation-rental","10":"yith_shop_vendor-la-gallinette-apartment-pyrenees-orientales","12":"first","13":"instock","14":"virtual","15":"sold-individually","16":"purchasable","17":"product-type-booking"},"_links":{"self":[{"href":"https:\/\/booking-gaysejour.com\/gb\/wp-json\/wp\/v2\/product\/63676","targetHints":{"allow":["GET"]}}],"collection":[{"href":"https:\/\/booking-gaysejour.com\/gb\/wp-json\/wp\/v2\/product"}],"about":[{"href":"https:\/\/booking-gaysejour.com\/gb\/wp-json\/wp\/v2\/types\/product"}],"wp:featuredmedia":[{"embeddable":true,"href":"https:\/\/booking-gaysejour.com\/gb\/wp-json\/wp\/v2\/media\/62014"}],"wp:attachment":[{"href":"https:\/\/booking-gaysejour.com\/gb\/wp-json\/wp\/v2\/media?parent=63676"}],"wp:term":[{"taxonomy":"product_brand","embeddable":true,"href":"https:\/\/booking-gaysejour.com\/gb\/wp-json\/wp\/v2\/product_brand?post=63676"},{"taxonomy":"product_cat","embeddable":true,"href":"https:\/\/booking-gaysejour.com\/gb\/wp-json\/wp\/v2\/product_cat?post=63676"},{"taxonomy":"product_tag","embeddable":true,"href":"https:\/\/booking-gaysejour.com\/gb\/wp-json\/wp\/v2\/product_tag?post=63676"}],"curies":[{"name":"wp","href":"https:\/\/api.w.org\/{rel}","templated":true}]}}