{"id":63687,"date":"2021-06-22T12:11:26","date_gmt":"2021-06-22T10:11:26","guid":{"rendered":"https:\/\/booking-gaysejour.com\/guide\/location-avec-jacuzzi-perpignan\/"},"modified":"2025-03-18T16:36:17","modified_gmt":"2025-03-18T15:36:17","slug":"location-avec-jacuzzi-perpignan","status":"publish","type":"product","link":"https:\/\/booking-gaysejour.com\/gb\/guide\/location-avec-jacuzzi-perpignan\/","title":{"rendered":"Location  avec jacuzzi @ Perpignan"},"content":{"rendered":"<h3>Location de vacances &#8211; 2 pers. max &#8211; 1 chambre &#8211; 2 nuit\u00e9es minimum<\/h3>\n<p>Appartement de 58 m\u00b2 en rez de jardin. Acc\u00e8s direct terrasse de 50m\u00b2\u00a0 et jardin, le tout tr\u00e8s s\u00e9curis\u00e9e en centre ville sans les inconv\u00e9nients du bruits.<\/p>\n<p>Literie neuve en 160. Les draps serviettes sont fournis.<\/p>\n<p>Vous aurez \u00e0 votre disposition une cuisine toute \u00e9quip\u00e9e, lave-linge, barbecue grill et plancha \u00e0 gaz.<\/p>\n<p>Id\u00e9al pour les long s\u00e9jour .<\/p>\n<p>L&#8217;hypercentre est \u00e0 7 minutes \u00e0 pied et la gare \u00e0 15 minutes \u00e0 pied.<\/p>\n<p>Parking gratuit dans la rue. J&#8217;accepte les animaux.<\/p>\n","protected":false},"excerpt":{"rendered":"<p>Location de vacances &#8211; 2 pers. max &#8211; 1 chambre &#8211; 2 nuit\u00e9es minimum Appartement de 58 m\u00b2 en rez de jardin. Acc\u00e8s direct terrasse de 50m\u00b2\u00a0 et jardin, le tout tr\u00e8s s\u00e9curis\u00e9e en centre ville sans les inconv\u00e9nients du bruits. Literie neuve en 160. Les draps serviettes sont fournis. Vous aurez \u00e0 votre disposition<a class=\"more-link\" href=\"https:\/\/booking-gaysejour.com\/gb\/guide\/location-avec-jacuzzi-perpignan\/\">Read more  &#10230;<\/a><\/p>\n","protected":false},"featured_media":53329,"template":"","meta":[],"product_brand":[],"product_cat":[1928,741,789,1059],"product_tag":[],"class_list":{"0":"post-63687","1":"product","2":"type-product","3":"status-publish","4":"has-post-thumbnail","6":"product_cat-hebergement-gb","7":"product_cat-france-gb","8":"product_cat-occitania","9":"product_cat-vacation-rental","10":"pa_1-type-holiday-rental","11":"pa_2-chambre-et-salle-de-bain-air-conditioning","12":"pa_2-chambre-et-salle-de-bain-bathroom-towel","13":"pa_2-chambre-et-salle-de-bain-beach-towel","14":"pa_2-chambre-et-salle-de-bain-disabled-access","15":"pa_2-chambre-et-salle-de-bain-hair-dryer","16":"pa_2-chambre-et-salle-de-bain-linen","17":"pa_2-chambre-et-salle-de-bain-private-bathroom","18":"pa_2-chambre-et-salle-de-bain-placard-penderie-gb","19":"pa_2-chambre-et-salle-de-bain-wc-privatif-gb","20":"pa_5-services-climatisation-gb-2","21":"pa_5-services-handicap-gb","22":"pa_5-services-parking-on-premise","23":"pa_5-services-washer","24":"pa_5-services-wifi-gratuit","25":"pa_6-installations-jacuzzi-gb","26":"pa_6-installations-tv-room","27":"yith_shop_vendor-location-a-perpignan-pyrenees-orientales-gb","29":"first","30":"instock","31":"virtual","32":"sold-individually","33":"purchasable","34":"product-type-booking"},"_links":{"self":[{"href":"https:\/\/booking-gaysejour.com\/gb\/wp-json\/wp\/v2\/product\/63687","targetHints":{"allow":["GET"]}}],"collection":[{"href":"https:\/\/booking-gaysejour.com\/gb\/wp-json\/wp\/v2\/product"}],"about":[{"href":"https:\/\/booking-gaysejour.com\/gb\/wp-json\/wp\/v2\/types\/product"}],"wp:featuredmedia":[{"embeddable":true,"href":"https:\/\/booking-gaysejour.com\/gb\/wp-json\/wp\/v2\/media\/53329"}],"wp:attachment":[{"href":"https:\/\/booking-gaysejour.com\/gb\/wp-json\/wp\/v2\/media?parent=63687"}],"wp:term":[{"taxonomy":"product_brand","embeddable":true,"href":"https:\/\/booking-gaysejour.com\/gb\/wp-json\/wp\/v2\/product_brand?post=63687"},{"taxonomy":"product_cat","embeddable":true,"href":"https:\/\/booking-gaysejour.com\/gb\/wp-json\/wp\/v2\/product_cat?post=63687"},{"taxonomy":"product_tag","embeddable":true,"href":"https:\/\/booking-gaysejour.com\/gb\/wp-json\/wp\/v2\/product_tag?post=63687"}],"curies":[{"name":"wp","href":"https:\/\/api.w.org\/{rel}","templated":true}]}}