{"id":63690,"date":"2021-01-25T16:06:11","date_gmt":"2021-01-25T15:06:11","guid":{"rendered":"https:\/\/booking-gaysejour.com\/guide\/suite-parentale-privilege-vue-sur-parc-et-riviere\/"},"modified":"2025-03-18T16:36:24","modified_gmt":"2025-03-18T15:36:24","slug":"suite-parentale-privilege-vue-sur-parc-et-riviere","status":"publish","type":"product","link":"https:\/\/booking-gaysejour.com\/gb\/guide\/suite-parentale-privilege-vue-sur-parc-et-riviere\/","title":{"rendered":"Suite Parentale Privil\u00e8ge @ Le Jardin Suspendu &#8211; Montfaucon-montigne"},"content":{"rendered":"<h3>Suite pour 1 \u00e0 5 personnes &#8211; 2 chambres communicantes<\/h3>\n<p>Compos\u00e9e de 2 chambres communicantes, cette suite familiale dispose d&#8217;un coin salon avec un plateau\/bouilloire. Sa salle de bains est pourvue d&#8217;articles de toilette.<\/p>\n<p>Une t\u00e9l\u00e9vision \u00e0 \u00e9cran plat par c\u00e2ble, ainsi qu&#8217;une station d\u2019accueil pour iPod sont \u00e0 votre disposition. Vous trouverez une bouilloire dans la chambre. Pour votre confort, vous trouverez des peignoirs, des chaussons et des articles de toilette gratuits.<\/p>\n<p>Vous pourrez pratiquer de nombreuses activit\u00e9s dans les environs, dont l&#8217;\u00e9quitation, le v\u00e9lo et la randonn\u00e9e. Cholet est \u00e0 19 km de l&#8217;\u00e9tablissement Le Jardin Suspendu, alors que Saint-Herblain est \u00e0 42 km.<\/p>\n","protected":false},"excerpt":{"rendered":"<p>Suite pour 1 \u00e0 5 personnes &#8211; 2 chambres communicantes Compos\u00e9e de 2 chambres communicantes, cette suite familiale dispose d&#8217;un coin salon avec un plateau\/bouilloire. Sa salle de bains est pourvue d&#8217;articles de toilette. Une t\u00e9l\u00e9vision \u00e0 \u00e9cran plat par c\u00e2ble, ainsi qu&#8217;une station d\u2019accueil pour iPod sont \u00e0 votre disposition. Vous trouverez une bouilloire<a class=\"more-link\" href=\"https:\/\/booking-gaysejour.com\/gb\/guide\/suite-parentale-privilege-vue-sur-parc-et-riviere\/\">Read more  &#10230;<\/a><\/p>\n","protected":false},"featured_media":47669,"template":"","meta":[],"product_brand":[],"product_cat":[1928,741,1038,801],"product_tag":[1063,1318,1223],"class_list":{"0":"post-63690","1":"product","2":"type-product","3":"status-publish","4":"has-post-thumbnail","6":"product_cat-hebergement-gb","7":"product_cat-france-gb","8":"product_cat-guesthouse-bnb","9":"product_cat-the-loire-country","10":"product_tag-campagne-gb","11":"product_tag-hiking","12":"product_tag-piscine-gb","13":"pa_1-type-chambre-hotes-gb","14":"pa_2-chambre-et-salle-de-bain-bathroom-towel","15":"pa_2-chambre-et-salle-de-bain-linen","16":"pa_5-services-bathrobe","17":"pa_5-services-parking-on-premise","18":"pa_5-services-wifi-gratuit","19":"pa_6-installations-tv-room","20":"yith_shop_vendor-le-jardin-suspendu-maine-et-loire","22":"first","23":"instock","24":"virtual","25":"sold-individually","26":"purchasable","27":"product-type-booking"},"_links":{"self":[{"href":"https:\/\/booking-gaysejour.com\/gb\/wp-json\/wp\/v2\/product\/63690","targetHints":{"allow":["GET"]}}],"collection":[{"href":"https:\/\/booking-gaysejour.com\/gb\/wp-json\/wp\/v2\/product"}],"about":[{"href":"https:\/\/booking-gaysejour.com\/gb\/wp-json\/wp\/v2\/types\/product"}],"wp:featuredmedia":[{"embeddable":true,"href":"https:\/\/booking-gaysejour.com\/gb\/wp-json\/wp\/v2\/media\/47669"}],"wp:attachment":[{"href":"https:\/\/booking-gaysejour.com\/gb\/wp-json\/wp\/v2\/media?parent=63690"}],"wp:term":[{"taxonomy":"product_brand","embeddable":true,"href":"https:\/\/booking-gaysejour.com\/gb\/wp-json\/wp\/v2\/product_brand?post=63690"},{"taxonomy":"product_cat","embeddable":true,"href":"https:\/\/booking-gaysejour.com\/gb\/wp-json\/wp\/v2\/product_cat?post=63690"},{"taxonomy":"product_tag","embeddable":true,"href":"https:\/\/booking-gaysejour.com\/gb\/wp-json\/wp\/v2\/product_tag?post=63690"}],"curies":[{"name":"wp","href":"https:\/\/api.w.org\/{rel}","templated":true}]}}