{"id":63694,"date":"2021-05-12T09:16:55","date_gmt":"2021-05-12T07:16:55","guid":{"rendered":"https:\/\/booking-gaysejour.com\/guide\/standard-double-room-hotel-le-blason-de-provence-monteux\/"},"modified":"2025-03-18T16:39:05","modified_gmt":"2025-03-18T15:39:05","slug":"standard-double-room-hotel-le-blason-de-provence-monteux","status":"publish","type":"product","link":"https:\/\/booking-gaysejour.com\/gb\/guide\/standard-double-room-hotel-le-blason-de-provence-monteux\/","title":{"rendered":"Standard  double room @ H\u00f4tel Le Blason de Provence &#8211; Monteux"},"content":{"rendered":"<h3>Standard Double Room &#8211; Queen-size bed &#8211; 18 m\u00b2<\/h3>\n<p>The hotel LE BLASON DE PROVENCE*** is a charming hotel which offers you an ideal stay to explore the cultural, architectural and natural riches of Avignon, Orange, Fontaine-de-Vaucluse, Vaison-la-Romaine, Isle -sur-la-Sorgue, Mont-Ventoux, Ch\u00e2teauneuf-du-Pape, The Luberon, Les Baux-de-Provence, Saint-R\u00e9my, the Alpilles, etc.<\/p>\n<p>Its typically Proven\u00e7al building nestles in a setting of wild greenery. On site, we provide you with a swimming pool, a bar, a garden with a thousand scents and closed parking to ensure the safety of your vehicles.<\/p>\n<p>18 comfortable and warm air-conditioned rooms await you, all different and equipped with bathroom, W.C, telephone, cable television and WIFI.<\/p>\n<p>In the restaurant by the fireplace, at the bar, on the terraces or by the pool; in all seasons, the Blason de Provence is the ideal place to enjoy the tranquility of time which passes so serenely in Provence&#8230;<\/p>\n<p>To eat, our &#8220;bistronomic&#8221; restaurant is open with a menu made from local products.<\/p>\n","protected":false},"excerpt":{"rendered":"<p>Standard Double Room &#8211; Queen-size bed &#8211; 18 m\u00b2 The hotel LE BLASON DE PROVENCE*** is a charming hotel which offers you an ideal stay to explore the cultural, architectural and natural riches of Avignon, Orange, Fontaine-de-Vaucluse, Vaison-la-Romaine, Isle -sur-la-Sorgue, Mont-Ventoux, Ch\u00e2teauneuf-du-Pape, The Luberon, Les Baux-de-Provence, Saint-R\u00e9my, the Alpilles, etc. Its typically Proven\u00e7al building nestles<a class=\"more-link\" href=\"https:\/\/booking-gaysejour.com\/gb\/guide\/standard-double-room-hotel-le-blason-de-provence-monteux\/\">Read more  &#10230;<\/a><\/p>\n","protected":false},"featured_media":51529,"template":"","meta":[],"product_brand":[],"product_cat":[1928,741,1959,834],"product_tag":[1309,1223],"class_list":{"0":"post-63694","1":"product","2":"type-product","3":"status-publish","4":"has-post-thumbnail","6":"product_cat-hebergement-gb","7":"product_cat-france-gb","8":"product_cat-hotel-gb","9":"product_cat-provence-alpes-cote-dazur-gb","10":"product_tag-disabled-accessility","11":"product_tag-piscine-gb","12":"pa_1-type-hotel-gb","13":"pa_2-chambre-et-salle-de-bain-air-conditioning","14":"pa_2-chambre-et-salle-de-bain-bathroom-towel","15":"pa_2-chambre-et-salle-de-bain-disabled-access","16":"pa_2-chambre-et-salle-de-bain-hair-dryer","17":"pa_2-chambre-et-salle-de-bain-linen","18":"pa_2-chambre-et-salle-de-bain-private-bathroom","19":"pa_2-chambre-et-salle-de-bain-safe","20":"pa_2-chambre-et-salle-de-bain-tv-chambre-gb","21":"pa_2-chambre-et-salle-de-bain-placard-penderie-gb","22":"pa_2-chambre-et-salle-de-bain-wc-privatif-gb","23":"pa_5-services-climatisation-gb-2","24":"pa_5-services-handicap-gb","25":"pa_5-services-parking-on-premise","26":"pa_5-services-wifi-gratuit","27":"pa_6-installations-elevator","28":"pa_6-installations-piscine-gb","29":"pa_6-installations-tv-room-gb","30":"yith_shop_vendor-hotel-le-blason-de-provence-vaucluse","32":"first","33":"instock","34":"virtual","35":"sold-individually","36":"purchasable","37":"product-type-booking"},"_links":{"self":[{"href":"https:\/\/booking-gaysejour.com\/gb\/wp-json\/wp\/v2\/product\/63694","targetHints":{"allow":["GET"]}}],"collection":[{"href":"https:\/\/booking-gaysejour.com\/gb\/wp-json\/wp\/v2\/product"}],"about":[{"href":"https:\/\/booking-gaysejour.com\/gb\/wp-json\/wp\/v2\/types\/product"}],"wp:featuredmedia":[{"embeddable":true,"href":"https:\/\/booking-gaysejour.com\/gb\/wp-json\/wp\/v2\/media\/51529"}],"wp:attachment":[{"href":"https:\/\/booking-gaysejour.com\/gb\/wp-json\/wp\/v2\/media?parent=63694"}],"wp:term":[{"taxonomy":"product_brand","embeddable":true,"href":"https:\/\/booking-gaysejour.com\/gb\/wp-json\/wp\/v2\/product_brand?post=63694"},{"taxonomy":"product_cat","embeddable":true,"href":"https:\/\/booking-gaysejour.com\/gb\/wp-json\/wp\/v2\/product_cat?post=63694"},{"taxonomy":"product_tag","embeddable":true,"href":"https:\/\/booking-gaysejour.com\/gb\/wp-json\/wp\/v2\/product_tag?post=63694"}],"curies":[{"name":"wp","href":"https:\/\/api.w.org\/{rel}","templated":true}]}}