{"id":66176,"date":"2023-07-18T14:41:22","date_gmt":"2023-08-22T15:14:41","guid":{"rendered":"https:\/\/booking-gaysejour.com\/?post_type=product&#038;p=66176"},"modified":"2025-03-18T16:38:57","modified_gmt":"2025-03-18T15:38:57","slug":"signoret-apartment-la-connexion-grasse","status":"publish","type":"product","link":"https:\/\/booking-gaysejour.com\/gb\/guide\/signoret-apartment-la-connexion-grasse\/","title":{"rendered":"Signoret Apartment @ La Connexion &#8211; Grasse"},"content":{"rendered":"<div id=\"sppb-addon-wrapper-1623068435956\" class=\"sppb-addon-wrapper\">\n<div id=\"sppb-addon-1623068435956\" class=\"clearfix \">\n<div class=\"sppb-addon sppb-addon-header sppb-text-left\">\n<h3 class=\"sppb-addon-title\">Bonjour &#8211; et bienvenue \u00e0 la Bastide Connexion, 100% Gay Men Boutique Resort sur la C\u00f4te d&#8217;Azur !<\/h3>\n<\/div>\n<\/div>\n<\/div>\n<div id=\"sppb-addon-wrapper-1621934494227\" class=\"sppb-addon-wrapper\">\n<div id=\"sppb-addon-1621934494227\" class=\"clearfix \">\n<div class=\"sppb-addon sppb-addon-header sppb-text-left\">\n<p class=\"sppb-addon-title\">La Bastide Connexion vous propose une piscine chauff\u00e9e et un jacuzzi, o\u00f9 on pouvait faire la naturisme. Situ\u00e9 dans un paysage unique de rivi\u00e8res, oliveraies et for\u00eats. Nous pouvons accueillir 16 personnes dans 5 appartements et -studios ind\u00e9pendants. Quatre d&#8217;entre eux ont une entr\u00e9e- et une terrasse priv\u00e9es, une salle de bain et une cuisine, et un appartement (Chanel) au premier \u00e9tage avec un salon, deux chambres, une salle de bain et pas de cuisine.<\/p>\n<p>Cannes et ses plages, la Gorge du Loup et sa rivi\u00e8re, les belles villes m\u00e9di\u00e9vales de Grasse, Bar Sur Loup et Tourettes sur Loup ne sont qu&#8217;\u00e0 15-30 minutes de route. L&#8217;a\u00e9roport de Nice (40 min), la ville de Nice, avec ses bars et -clubs gay (50 min) les plages gay (naturisme) de Saint-Aygulf (40 min) et Saint Tropez (60 min).<\/p>\n<\/div>\n<\/div>\n<\/div>\n","protected":false},"excerpt":{"rendered":"<p>Signoret is our most spacious apartment, 50m2, on the garden level, named after Simone Signoret, the first French actress who won an Oscar. \u00a0It has a large living room with sofa bed and kitchen, separate bedroom area, bathroom, two private entrance and -terraces. It can host 1-4 persons.<\/p>\n","protected":false},"featured_media":66261,"template":"","meta":[],"product_brand":[],"product_cat":[1928,741,834,1059],"product_tag":[],"class_list":{"0":"post-66176","1":"product","2":"type-product","3":"status-publish","4":"has-post-thumbnail","6":"product_cat-hebergement-gb","7":"product_cat-france-gb","8":"product_cat-provence-alpes-cote-dazur-gb","9":"product_cat-vacation-rental","10":"pa_5-services-massage-gb","11":"pa_5-services-parking-on-premise","12":"pa_5-services-petite-restauration","13":"pa_5-services-table-dhotes-gb-2","14":"pa_5-services-washer","15":"pa_5-services-wifi-gratuit","16":"pa_5-services-yoga-gb","17":"pa_6-installations-bocce-ball-court","18":"pa_6-installations-heaten-pool","19":"pa_6-installations-massage-gb","20":"pa_6-installations-piscine-gb","21":"pa_6-installations-piscine-salee-gb","22":"yith_shop_vendor-la-connexion-gay-men-boutique-resort-french-riviera","24":"first","25":"instock","26":"virtual","27":"sold-individually","28":"purchasable","29":"product-type-booking"},"_links":{"self":[{"href":"https:\/\/booking-gaysejour.com\/gb\/wp-json\/wp\/v2\/product\/66176","targetHints":{"allow":["GET"]}}],"collection":[{"href":"https:\/\/booking-gaysejour.com\/gb\/wp-json\/wp\/v2\/product"}],"about":[{"href":"https:\/\/booking-gaysejour.com\/gb\/wp-json\/wp\/v2\/types\/product"}],"wp:featuredmedia":[{"embeddable":true,"href":"https:\/\/booking-gaysejour.com\/gb\/wp-json\/wp\/v2\/media\/66261"}],"wp:attachment":[{"href":"https:\/\/booking-gaysejour.com\/gb\/wp-json\/wp\/v2\/media?parent=66176"}],"wp:term":[{"taxonomy":"product_brand","embeddable":true,"href":"https:\/\/booking-gaysejour.com\/gb\/wp-json\/wp\/v2\/product_brand?post=66176"},{"taxonomy":"product_cat","embeddable":true,"href":"https:\/\/booking-gaysejour.com\/gb\/wp-json\/wp\/v2\/product_cat?post=66176"},{"taxonomy":"product_tag","embeddable":true,"href":"https:\/\/booking-gaysejour.com\/gb\/wp-json\/wp\/v2\/product_tag?post=66176"}],"curies":[{"name":"wp","href":"https:\/\/api.w.org\/{rel}","templated":true}]}}