{"id":66444,"date":"2022-04-26T19:04:53","date_gmt":"2022-04-26T17:04:53","guid":{"rendered":"https:\/\/booking-gaysejour.com\/guide\/la-connexion-studio-dalida-grasse\/"},"modified":"2025-03-18T16:39:00","modified_gmt":"2025-03-18T15:39:00","slug":"la-connexion-studio-dalida-grasse","status":"publish","type":"product","link":"https:\/\/booking-gaysejour.com\/gb\/guide\/la-connexion-studio-dalida-grasse\/","title":{"rendered":"Dalida Studio @ La Connexion &#8211; Grasse"},"content":{"rendered":"<div id=\"sppb-addon-wrapper-1623068435956\" class=\"sppb-addon-wrapper\">\n<div id=\"sppb-addon-1623068435956\" class=\"clearfix \">\n<div class=\"sppb-addon sppb-addon-header sppb-text-left\">\n<h3 class=\"sppb-addon-title\">Bonjour &#8211; et bienvenue \u00e0 la Bastide Connexion, 100% Gay Men Boutique Resort sur la C\u00f4te d&#8217;Azur !<\/h3>\n<\/div>\n<\/div>\n<\/div>\n<div id=\"sppb-addon-wrapper-1621934494227\" class=\"sppb-addon-wrapper\">\n<div id=\"sppb-addon-1621934494227\" class=\"clearfix \">\n<div class=\"sppb-addon sppb-addon-header sppb-text-left\">\n<p class=\"sppb-addon-title\">La Bastide Connexion vous propose une piscine chauff\u00e9e et un jacuzzi, o\u00f9 on pouvait faire la naturisme. Situ\u00e9 dans un paysage unique de rivi\u00e8res, oliveraies et for\u00eats. Nous pouvons accueillir 16 personnes dans 5 appartements et -studios ind\u00e9pendants. Quatre d&#8217;entre eux ont une entr\u00e9e- et une terrasse priv\u00e9es, une salle de bain et une cuisine, et un appartement (Chanel) au premier \u00e9tage avec un salon, deux chambres, une salle de bain et pas de cuisine.<\/p>\n<\/div>\n<\/div>\n<\/div>\n<p>Cannes et ses plages, la Gorge du Loup et sa rivi\u00e8re, les belles villes m\u00e9di\u00e9vales de Grasse, Bar Sur Loup et Tourettes sur Loup ne sont qu&#8217;\u00e0 15-30 minutes de route. L&#8217;a\u00e9roport de Nice (40 min), la ville de Nice, avec ses bars et -clubs gay (50 min) les plages gay (naturisme) de Saint-Aygulf (40 min) et Saint Tropez (60 min).<\/p>\n<p><span style=\"font-size: 16px;\">Dalida est un studio charmant, nomm\u00e9 d&#8217;apr\u00e8s la chanteuse fran\u00e7aise populaire Dalida, une ic\u00f4ne gay dans les ann\u00e9es 60 et 70. Le studio est situ\u00e9 \u00e0 c\u00f4t\u00e9 de la piscine. Il se compose d&#8217;un espace de couchage ouvert et d&#8217;un coin salon, avec un lit double, une cuisine, une salle de l&#8217;eau, une entr\u00e9e-\u00a0 et une terrasse priv\u00e9e.<\/span><\/p>\n","protected":false},"excerpt":{"rendered":"<p>Dalida est un studio charmant, 35m2, \u00e0 c\u00f4t\u00e9 de la piscine. Il se compose d&#8217;un espace de couchage ouvert et d&#8217;un coin salon, avec un lit double, cuisine, une salle de l&#8217;eau, une entr\u00e9e priv\u00e9e et une terrasse.<\/p>\n","protected":false},"featured_media":65744,"template":"","meta":[],"product_brand":[],"product_cat":[1928,741,834],"product_tag":[],"class_list":{"0":"post-66444","1":"product","2":"type-product","3":"status-publish","4":"has-post-thumbnail","6":"product_cat-hebergement-gb","7":"product_cat-france-gb","8":"product_cat-provence-alpes-cote-dazur-gb","9":"pa_5-services-massage-gb","10":"pa_5-services-parking-on-premise","11":"pa_5-services-petite-restauration","12":"pa_5-services-table-dhotes-gb-2","13":"pa_5-services-wifi-gratuit","14":"pa_5-services-yoga-gb","15":"pa_6-installations-heaten-pool","16":"pa_6-installations-piscine-gb","17":"pa_6-installations-piscine-salee-gb","18":"yith_shop_vendor-la-connexion-gay-men-boutique-resort-french-riviera","20":"first","21":"instock","22":"virtual","23":"sold-individually","24":"purchasable","25":"product-type-booking"},"_links":{"self":[{"href":"https:\/\/booking-gaysejour.com\/gb\/wp-json\/wp\/v2\/product\/66444","targetHints":{"allow":["GET"]}}],"collection":[{"href":"https:\/\/booking-gaysejour.com\/gb\/wp-json\/wp\/v2\/product"}],"about":[{"href":"https:\/\/booking-gaysejour.com\/gb\/wp-json\/wp\/v2\/types\/product"}],"wp:featuredmedia":[{"embeddable":true,"href":"https:\/\/booking-gaysejour.com\/gb\/wp-json\/wp\/v2\/media\/65744"}],"wp:attachment":[{"href":"https:\/\/booking-gaysejour.com\/gb\/wp-json\/wp\/v2\/media?parent=66444"}],"wp:term":[{"taxonomy":"product_brand","embeddable":true,"href":"https:\/\/booking-gaysejour.com\/gb\/wp-json\/wp\/v2\/product_brand?post=66444"},{"taxonomy":"product_cat","embeddable":true,"href":"https:\/\/booking-gaysejour.com\/gb\/wp-json\/wp\/v2\/product_cat?post=66444"},{"taxonomy":"product_tag","embeddable":true,"href":"https:\/\/booking-gaysejour.com\/gb\/wp-json\/wp\/v2\/product_tag?post=66444"}],"curies":[{"name":"wp","href":"https:\/\/api.w.org\/{rel}","templated":true}]}}